{"id":3973,"date":"2021-04-14T09:20:19","date_gmt":"2021-04-14T07:20:19","guid":{"rendered":"https:\/\/arroyofloristeria.com\/?post_type=product&#038;p=3973"},"modified":"2021-04-23T11:35:01","modified_gmt":"2021-04-23T09:35:01","slug":"sant-jordi-taza","status":"publish","type":"product","link":"https:\/\/arroyofloristeria.com\/es\/producte\/sant-jordi-taza\/","title":{"rendered":"Dos Rosas de Sant Jordi con taza"},"content":{"rendered":"","protected":false},"excerpt":{"rendered":"<p><span style=\"font-weight: 400;\">Dos rosas rojas de Sant Jordi en taza de cer\u00e1mica.<\/span><\/p>\n<p>Este producto s\u00f3lo podr\u00e1 enviarse a domicilio para pedidos realizados antes de las 10.00h del 23 de abril.<\/p>\n<p>Si lo desea puede hacer el pedido y recogerlo en nuestra tienda.<\/p>\n","protected":false},"featured_media":4032,"template":"","meta":{"spay_email":"","_joinchat":[]},"product_cat":[27,20],"product_tag":[],"yoast_head":"<!-- This site is optimized with the Yoast SEO plugin v19.0 - https:\/\/yoast.com\/wordpress\/plugins\/seo\/ -->\n<title>Dos Rosas de Sant Jordi con taza - ARROYO FLORISTERIA LLEIDA FLORES CEREMONIAS EVENTOS PLANTAS ROSAS SANT JORDI SANT VALENTIN NACIMIENTOS PELUCHES PELUIX CORONAS FUNERARIAS JARRONES CORONAS FUNERARIAS COMPLEMENTOS ONLINE AVINGUDA BALMES OFERTA SEMANAL FACEBOOK ROSAS ORQUIDEAS RAMOS CENTROS TENDENCIAS FLORALES BODAS RAMO DE NOVIAS DIA DE LA MADRE MARE<\/title>\n<meta name=\"robots\" content=\"index, follow, max-snippet:-1, max-image-preview:large, max-video-preview:-1\" \/>\n<link rel=\"canonical\" href=\"https:\/\/arroyofloristeria.com\/es\/producte\/sant-jordi-taza\/\" \/>\n<meta property=\"og:locale\" content=\"es_ES\" \/>\n<meta property=\"og:type\" content=\"article\" \/>\n<meta property=\"og:title\" content=\"Dos Rosas de Sant Jordi con taza - ARROYO FLORISTERIA LLEIDA FLORES CEREMONIAS EVENTOS PLANTAS ROSAS SANT JORDI SANT VALENTIN NACIMIENTOS PELUCHES PELUIX CORONAS FUNERARIAS JARRONES CORONAS FUNERARIAS COMPLEMENTOS ONLINE AVINGUDA BALMES OFERTA SEMANAL FACEBOOK ROSAS ORQUIDEAS RAMOS CENTROS TENDENCIAS FLORALES BODAS RAMO DE NOVIAS DIA DE LA MADRE MARE\" \/>\n<meta property=\"og:description\" content=\"[:ca]Dues roses vermelles de Sant Jordi en tassa de cer\u00e0mica.  Aquest producte nom\u00e9s es pot enviar a domicili per comandes realitzades abans de les 10.00h el 23 d&#039;abril.  Si ho desitja pot fer la comanda i recollir-lo a la nostra botiga.[:es]Dos rosas rojas de Sant Jordi en taza de cer\u00e1mica.  Este producto s\u00f3lo podr\u00e1 enviarse a domicilio para pedidos realizados antes de las 10.00h del 23 de abril.  Si lo desea puede hacer el pedido y recogerlo en nuestra tienda.[:]\" \/>\n<meta property=\"og:url\" content=\"https:\/\/arroyofloristeria.com\/es\/producte\/sant-jordi-taza\/\" \/>\n<meta property=\"og:site_name\" content=\"ARROYO FLORISTERIA LLEIDA FLORES CEREMONIAS EVENTOS PLANTAS ROSAS SANT JORDI SANT VALENTIN NACIMIENTOS PELUCHES PELUIX CORONAS FUNERARIAS JARRONES CORONAS FUNERARIAS COMPLEMENTOS ONLINE AVINGUDA BALMES OFERTA SEMANAL FACEBOOK ROSAS ORQUIDEAS RAMOS CENTROS TENDENCIAS FLORALES BODAS RAMO DE NOVIAS DIA DE LA MADRE MARE\" \/>\n<meta property=\"article:publisher\" content=\"https:\/\/www.facebook.com\/floristeriaArroyoLleida\/\" \/>\n<meta property=\"article:modified_time\" content=\"2021-04-23T09:35:01+00:00\" \/>\n<meta property=\"og:image\" content=\"https:\/\/arroyofloristeria.com\/wp-content\/uploads\/2021\/04\/Rosa-Sant-Jordi-taza.jpg\" \/>\n\t<meta property=\"og:image:width\" content=\"1000\" \/>\n\t<meta property=\"og:image:height\" content=\"1000\" \/>\n\t<meta property=\"og:image:type\" content=\"image\/jpeg\" \/>\n<meta name=\"twitter:card\" content=\"summary_large_image\" \/>\n<script type=\"application\/ld+json\" class=\"yoast-schema-graph\">{\"@context\":\"https:\/\/schema.org\",\"@graph\":[{\"@type\":\"WebSite\",\"@id\":\"https:\/\/arroyofloristeria.com\/es\/#website\",\"url\":\"https:\/\/arroyofloristeria.com\/es\/\",\"name\":\"ARROYO FLORISTERIA LLEIDA FLORES CEREMONIAS EVENTOS PLANTAS ROSAS SANT JORDI SANT VALENTIN NACIMIENTOS PELUCHES PELUIX CORONAS FUNERARIAS JARRONES CORONAS FUNERARIAS COMPLEMENTOS ONLINE AVINGUDA BALMES OFERTA SEMANAL FACEBOOK ROSAS ORQUIDEAS RAMOS CENTROS TENDENCIAS FLORALES BODAS RAMO DE NOVIAS DIA DE LA MADRE MARE\",\"description\":\"ARROYO FLORISTERIA LLEIDA FLORES CEREMONIAS EVENTOS PLANTAS ROSAS SANT JORDI SANT VALENTIN NACIMIENTOS PELUCHES PELUIX CORONAS FUNERARIAS JARRONES CORONAS FUNERARIAS COMPLEMENTOS ONLINE AVINGUDA BALMES OFERTA SEMANAL FACEBOOK ROSAS ORQUIDEAS RAMOS CENTROS TENDENCIAS FLORALES BODAS RAMO DE NOVIAS DIA DE LA MADRE MARE\",\"potentialAction\":[{\"@type\":\"SearchAction\",\"target\":{\"@type\":\"EntryPoint\",\"urlTemplate\":\"https:\/\/arroyofloristeria.com\/es\/?s={search_term_string}\"},\"query-input\":\"required name=search_term_string\"}],\"inLanguage\":\"es\"},{\"@type\":\"ImageObject\",\"inLanguage\":\"es\",\"@id\":\"https:\/\/arroyofloristeria.com\/es\/producte\/sant-jordi-taza\/#primaryimage\",\"url\":\"https:\/\/arroyofloristeria.com\/wp-content\/uploads\/2021\/04\/Rosa-Sant-Jordi-taza.jpg\",\"contentUrl\":\"https:\/\/arroyofloristeria.com\/wp-content\/uploads\/2021\/04\/Rosa-Sant-Jordi-taza.jpg\",\"width\":1000,\"height\":1000},{\"@type\":\"WebPage\",\"@id\":\"https:\/\/arroyofloristeria.com\/es\/producte\/sant-jordi-taza\/#webpage\",\"url\":\"https:\/\/arroyofloristeria.com\/es\/producte\/sant-jordi-taza\/\",\"name\":\"Dos Rosas de Sant Jordi con taza - ARROYO FLORISTERIA LLEIDA FLORES CEREMONIAS EVENTOS PLANTAS ROSAS SANT JORDI SANT VALENTIN NACIMIENTOS PELUCHES PELUIX CORONAS FUNERARIAS JARRONES CORONAS FUNERARIAS COMPLEMENTOS ONLINE AVINGUDA BALMES OFERTA SEMANAL FACEBOOK ROSAS ORQUIDEAS RAMOS CENTROS TENDENCIAS FLORALES BODAS RAMO DE NOVIAS DIA DE LA MADRE MARE\",\"isPartOf\":{\"@id\":\"https:\/\/arroyofloristeria.com\/es\/#website\"},\"primaryImageOfPage\":{\"@id\":\"https:\/\/arroyofloristeria.com\/es\/producte\/sant-jordi-taza\/#primaryimage\"},\"datePublished\":\"2021-04-14T07:20:19+00:00\",\"dateModified\":\"2021-04-23T09:35:01+00:00\",\"breadcrumb\":{\"@id\":\"https:\/\/arroyofloristeria.com\/es\/producte\/sant-jordi-taza\/#breadcrumb\"},\"inLanguage\":\"es\",\"potentialAction\":[{\"@type\":\"ReadAction\",\"target\":[\"https:\/\/arroyofloristeria.com\/es\/producte\/sant-jordi-taza\/\"]}]},{\"@type\":\"BreadcrumbList\",\"@id\":\"https:\/\/arroyofloristeria.com\/es\/producte\/sant-jordi-taza\/#breadcrumb\",\"itemListElement\":[{\"@type\":\"ListItem\",\"position\":1,\"name\":\"Portada\",\"item\":\"https:\/\/arroyofloristeria.com\/\"},{\"@type\":\"ListItem\",\"position\":2,\"name\":\"Productos\",\"item\":\"https:\/\/arroyofloristeria.com\/es\/productes\/\"},{\"@type\":\"ListItem\",\"position\":3,\"name\":\"Dues Roses de Sant Jordi amb tassa\"}]}]}<\/script>\n<!-- \/ Yoast SEO plugin. -->","yoast_head_json":{"title":"Dos Rosas de Sant Jordi con taza - ARROYO FLORISTERIA LLEIDA FLORES CEREMONIAS EVENTOS PLANTAS ROSAS SANT JORDI SANT VALENTIN NACIMIENTOS PELUCHES PELUIX CORONAS FUNERARIAS JARRONES CORONAS FUNERARIAS COMPLEMENTOS ONLINE AVINGUDA BALMES OFERTA SEMANAL FACEBOOK ROSAS ORQUIDEAS RAMOS CENTROS TENDENCIAS FLORALES BODAS RAMO DE NOVIAS DIA DE LA MADRE MARE","robots":{"index":"index","follow":"follow","max-snippet":"max-snippet:-1","max-image-preview":"max-image-preview:large","max-video-preview":"max-video-preview:-1"},"canonical":"https:\/\/arroyofloristeria.com\/es\/producte\/sant-jordi-taza\/","og_locale":"es_ES","og_type":"article","og_title":"Dos Rosas de Sant Jordi con taza - ARROYO FLORISTERIA LLEIDA FLORES CEREMONIAS EVENTOS PLANTAS ROSAS SANT JORDI SANT VALENTIN NACIMIENTOS PELUCHES PELUIX CORONAS FUNERARIAS JARRONES CORONAS FUNERARIAS COMPLEMENTOS ONLINE AVINGUDA BALMES OFERTA SEMANAL FACEBOOK ROSAS ORQUIDEAS RAMOS CENTROS TENDENCIAS FLORALES BODAS RAMO DE NOVIAS DIA DE LA MADRE MARE","og_description":"[:ca]Dues roses vermelles de Sant Jordi en tassa de cer\u00e0mica.  Aquest producte nom\u00e9s es pot enviar a domicili per comandes realitzades abans de les 10.00h el 23 d'abril.  Si ho desitja pot fer la comanda i recollir-lo a la nostra botiga.[:es]Dos rosas rojas de Sant Jordi en taza de cer\u00e1mica.  Este producto s\u00f3lo podr\u00e1 enviarse a domicilio para pedidos realizados antes de las 10.00h del 23 de abril.  Si lo desea puede hacer el pedido y recogerlo en nuestra tienda.[:]","og_url":"https:\/\/arroyofloristeria.com\/es\/producte\/sant-jordi-taza\/","og_site_name":"ARROYO FLORISTERIA LLEIDA FLORES CEREMONIAS EVENTOS PLANTAS ROSAS SANT JORDI SANT VALENTIN NACIMIENTOS PELUCHES PELUIX CORONAS FUNERARIAS JARRONES CORONAS FUNERARIAS COMPLEMENTOS ONLINE AVINGUDA BALMES OFERTA SEMANAL FACEBOOK ROSAS ORQUIDEAS RAMOS CENTROS TENDENCIAS FLORALES BODAS RAMO DE NOVIAS DIA DE LA MADRE MARE","article_publisher":"https:\/\/www.facebook.com\/floristeriaArroyoLleida\/","article_modified_time":"2021-04-23T09:35:01+00:00","og_image":[{"width":1000,"height":1000,"url":"https:\/\/arroyofloristeria.com\/wp-content\/uploads\/2021\/04\/Rosa-Sant-Jordi-taza.jpg","type":"image\/jpeg"}],"twitter_card":"summary_large_image","schema":{"@context":"https:\/\/schema.org","@graph":[{"@type":"WebSite","@id":"https:\/\/arroyofloristeria.com\/es\/#website","url":"https:\/\/arroyofloristeria.com\/es\/","name":"ARROYO FLORISTERIA LLEIDA FLORES CEREMONIAS EVENTOS PLANTAS ROSAS SANT JORDI SANT VALENTIN NACIMIENTOS PELUCHES PELUIX CORONAS FUNERARIAS JARRONES CORONAS FUNERARIAS COMPLEMENTOS ONLINE AVINGUDA BALMES OFERTA SEMANAL FACEBOOK ROSAS ORQUIDEAS RAMOS CENTROS TENDENCIAS FLORALES BODAS RAMO DE NOVIAS DIA DE LA MADRE MARE","description":"ARROYO FLORISTERIA LLEIDA FLORES CEREMONIAS EVENTOS PLANTAS ROSAS SANT JORDI SANT VALENTIN NACIMIENTOS PELUCHES PELUIX CORONAS FUNERARIAS JARRONES CORONAS FUNERARIAS COMPLEMENTOS ONLINE AVINGUDA BALMES OFERTA SEMANAL FACEBOOK ROSAS ORQUIDEAS RAMOS CENTROS TENDENCIAS FLORALES BODAS RAMO DE NOVIAS DIA DE LA MADRE MARE","potentialAction":[{"@type":"SearchAction","target":{"@type":"EntryPoint","urlTemplate":"https:\/\/arroyofloristeria.com\/es\/?s={search_term_string}"},"query-input":"required name=search_term_string"}],"inLanguage":"es"},{"@type":"ImageObject","inLanguage":"es","@id":"https:\/\/arroyofloristeria.com\/es\/producte\/sant-jordi-taza\/#primaryimage","url":"https:\/\/arroyofloristeria.com\/wp-content\/uploads\/2021\/04\/Rosa-Sant-Jordi-taza.jpg","contentUrl":"https:\/\/arroyofloristeria.com\/wp-content\/uploads\/2021\/04\/Rosa-Sant-Jordi-taza.jpg","width":1000,"height":1000},{"@type":"WebPage","@id":"https:\/\/arroyofloristeria.com\/es\/producte\/sant-jordi-taza\/#webpage","url":"https:\/\/arroyofloristeria.com\/es\/producte\/sant-jordi-taza\/","name":"Dos Rosas de Sant Jordi con taza - ARROYO FLORISTERIA LLEIDA FLORES CEREMONIAS EVENTOS PLANTAS ROSAS SANT JORDI SANT VALENTIN NACIMIENTOS PELUCHES PELUIX CORONAS FUNERARIAS JARRONES CORONAS FUNERARIAS COMPLEMENTOS ONLINE AVINGUDA BALMES OFERTA SEMANAL FACEBOOK ROSAS ORQUIDEAS RAMOS CENTROS TENDENCIAS FLORALES BODAS RAMO DE NOVIAS DIA DE LA MADRE MARE","isPartOf":{"@id":"https:\/\/arroyofloristeria.com\/es\/#website"},"primaryImageOfPage":{"@id":"https:\/\/arroyofloristeria.com\/es\/producte\/sant-jordi-taza\/#primaryimage"},"datePublished":"2021-04-14T07:20:19+00:00","dateModified":"2021-04-23T09:35:01+00:00","breadcrumb":{"@id":"https:\/\/arroyofloristeria.com\/es\/producte\/sant-jordi-taza\/#breadcrumb"},"inLanguage":"es","potentialAction":[{"@type":"ReadAction","target":["https:\/\/arroyofloristeria.com\/es\/producte\/sant-jordi-taza\/"]}]},{"@type":"BreadcrumbList","@id":"https:\/\/arroyofloristeria.com\/es\/producte\/sant-jordi-taza\/#breadcrumb","itemListElement":[{"@type":"ListItem","position":1,"name":"Portada","item":"https:\/\/arroyofloristeria.com\/"},{"@type":"ListItem","position":2,"name":"Productos","item":"https:\/\/arroyofloristeria.com\/es\/productes\/"},{"@type":"ListItem","position":3,"name":"Dues Roses de Sant Jordi amb tassa"}]}]}},"_links":{"self":[{"href":"https:\/\/arroyofloristeria.com\/es\/wp-json\/wp\/v2\/product\/3973"}],"collection":[{"href":"https:\/\/arroyofloristeria.com\/es\/wp-json\/wp\/v2\/product"}],"about":[{"href":"https:\/\/arroyofloristeria.com\/es\/wp-json\/wp\/v2\/types\/product"}],"wp:featuredmedia":[{"embeddable":true,"href":"https:\/\/arroyofloristeria.com\/es\/wp-json\/wp\/v2\/media\/4032"}],"wp:attachment":[{"href":"https:\/\/arroyofloristeria.com\/es\/wp-json\/wp\/v2\/media?parent=3973"}],"wp:term":[{"taxonomy":"product_cat","embeddable":true,"href":"https:\/\/arroyofloristeria.com\/es\/wp-json\/wp\/v2\/product_cat?post=3973"},{"taxonomy":"product_tag","embeddable":true,"href":"https:\/\/arroyofloristeria.com\/es\/wp-json\/wp\/v2\/product_tag?post=3973"}],"curies":[{"name":"wp","href":"https:\/\/api.w.org\/{rel}","templated":true}]}}