{"id":2561,"date":"2018-02-08T09:45:42","date_gmt":"2018-02-08T09:45:42","guid":{"rendered":"http:\/\/arroyofloristeria.com\/?post_type=product&#038;p=2561"},"modified":"2021-02-18T08:58:07","modified_gmt":"2021-02-18T08:58:07","slug":"bolsa-de-centro-12-rosas","status":"publish","type":"product","link":"https:\/\/arroyofloristeria.com\/es\/producte\/bolsa-de-centro-12-rosas\/","title":{"rendered":"Bolsa de centro 12 rosas"},"content":{"rendered":"<p>Edici\u00f3n l\u00edmitada para San valent\u00edn<\/p>","protected":false},"excerpt":{"rendered":"<p>Edici\u00f3n l\u00edmitada para San valent\u00edn<\/p>\n","protected":false},"featured_media":2567,"template":"","meta":{"spay_email":"","_joinchat":[]},"product_cat":[44],"product_tag":[],"yoast_head":"<!-- This site is optimized with the Yoast SEO plugin v19.0 - https:\/\/yoast.com\/wordpress\/plugins\/seo\/ -->\n<title>Bolsa de centro 12 rosas - ARROYO FLORISTERIA LLEIDA FLORES CEREMONIAS EVENTOS PLANTAS ROSAS SANT JORDI SANT VALENTIN NACIMIENTOS PELUCHES PELUIX CORONAS FUNERARIAS JARRONES CORONAS FUNERARIAS COMPLEMENTOS ONLINE AVINGUDA BALMES OFERTA SEMANAL FACEBOOK ROSAS ORQUIDEAS RAMOS CENTROS TENDENCIAS FLORALES BODAS RAMO DE NOVIAS DIA DE LA MADRE MARE<\/title>\n<meta name=\"robots\" content=\"index, follow, max-snippet:-1, max-image-preview:large, max-video-preview:-1\" \/>\n<link rel=\"canonical\" href=\"https:\/\/arroyofloristeria.com\/es\/producte\/bolsa-de-centro-12-rosas\/\" \/>\n<meta property=\"og:locale\" content=\"es_ES\" \/>\n<meta property=\"og:type\" content=\"article\" \/>\n<meta property=\"og:title\" content=\"Bolsa de centro 12 rosas - ARROYO FLORISTERIA LLEIDA FLORES CEREMONIAS EVENTOS PLANTAS ROSAS SANT JORDI SANT VALENTIN NACIMIENTOS PELUCHES PELUIX CORONAS FUNERARIAS JARRONES CORONAS FUNERARIAS COMPLEMENTOS ONLINE AVINGUDA BALMES OFERTA SEMANAL FACEBOOK ROSAS ORQUIDEAS RAMOS CENTROS TENDENCIAS FLORALES BODAS RAMO DE NOVIAS DIA DE LA MADRE MARE\" \/>\n<meta property=\"og:description\" content=\"Edici\u00f3n l\u00edmitada para San valent\u00edn\" \/>\n<meta property=\"og:url\" content=\"https:\/\/arroyofloristeria.com\/es\/producte\/bolsa-de-centro-12-rosas\/\" \/>\n<meta property=\"og:site_name\" content=\"ARROYO FLORISTERIA LLEIDA FLORES CEREMONIAS EVENTOS PLANTAS ROSAS SANT JORDI SANT VALENTIN NACIMIENTOS PELUCHES PELUIX CORONAS FUNERARIAS JARRONES CORONAS FUNERARIAS COMPLEMENTOS ONLINE AVINGUDA BALMES OFERTA SEMANAL FACEBOOK ROSAS ORQUIDEAS RAMOS CENTROS TENDENCIAS FLORALES BODAS RAMO DE NOVIAS DIA DE LA MADRE MARE\" \/>\n<meta property=\"article:publisher\" content=\"https:\/\/www.facebook.com\/floristeriaArroyoLleida\/\" \/>\n<meta property=\"article:modified_time\" content=\"2021-02-18T08:58:07+00:00\" \/>\n<meta property=\"og:image\" content=\"https:\/\/arroyofloristeria.com\/wp-content\/uploads\/2018\/02\/SUS5985-1.png\" \/>\n\t<meta property=\"og:image:width\" content=\"787\" \/>\n\t<meta property=\"og:image:height\" content=\"787\" \/>\n\t<meta property=\"og:image:type\" content=\"image\/png\" \/>\n<meta name=\"twitter:card\" content=\"summary_large_image\" \/>\n<script type=\"application\/ld+json\" class=\"yoast-schema-graph\">{\"@context\":\"https:\/\/schema.org\",\"@graph\":[{\"@type\":\"WebSite\",\"@id\":\"https:\/\/arroyofloristeria.com\/es\/#website\",\"url\":\"https:\/\/arroyofloristeria.com\/es\/\",\"name\":\"ARROYO FLORISTERIA LLEIDA FLORES CEREMONIAS EVENTOS PLANTAS ROSAS SANT JORDI SANT VALENTIN NACIMIENTOS PELUCHES PELUIX CORONAS FUNERARIAS JARRONES CORONAS FUNERARIAS COMPLEMENTOS ONLINE AVINGUDA BALMES OFERTA SEMANAL FACEBOOK ROSAS ORQUIDEAS RAMOS CENTROS TENDENCIAS FLORALES BODAS RAMO DE NOVIAS DIA DE LA MADRE MARE\",\"description\":\"ARROYO FLORISTERIA LLEIDA FLORES CEREMONIAS EVENTOS PLANTAS ROSAS SANT JORDI SANT VALENTIN NACIMIENTOS PELUCHES PELUIX CORONAS FUNERARIAS JARRONES CORONAS FUNERARIAS COMPLEMENTOS ONLINE AVINGUDA BALMES OFERTA SEMANAL FACEBOOK ROSAS ORQUIDEAS RAMOS CENTROS TENDENCIAS FLORALES BODAS RAMO DE NOVIAS DIA DE LA MADRE MARE\",\"potentialAction\":[{\"@type\":\"SearchAction\",\"target\":{\"@type\":\"EntryPoint\",\"urlTemplate\":\"https:\/\/arroyofloristeria.com\/es\/?s={search_term_string}\"},\"query-input\":\"required name=search_term_string\"}],\"inLanguage\":\"es\"},{\"@type\":\"ImageObject\",\"inLanguage\":\"es\",\"@id\":\"https:\/\/arroyofloristeria.com\/es\/producte\/bolsa-de-centro-12-rosas\/#primaryimage\",\"url\":\"https:\/\/arroyofloristeria.com\/wp-content\/uploads\/2018\/02\/SUS5985-1.png\",\"contentUrl\":\"https:\/\/arroyofloristeria.com\/wp-content\/uploads\/2018\/02\/SUS5985-1.png\",\"width\":787,\"height\":787},{\"@type\":\"WebPage\",\"@id\":\"https:\/\/arroyofloristeria.com\/es\/producte\/bolsa-de-centro-12-rosas\/#webpage\",\"url\":\"https:\/\/arroyofloristeria.com\/es\/producte\/bolsa-de-centro-12-rosas\/\",\"name\":\"Bolsa de centro 12 rosas - ARROYO FLORISTERIA LLEIDA FLORES CEREMONIAS EVENTOS PLANTAS ROSAS SANT JORDI SANT VALENTIN NACIMIENTOS PELUCHES PELUIX CORONAS FUNERARIAS JARRONES CORONAS FUNERARIAS COMPLEMENTOS ONLINE AVINGUDA BALMES OFERTA SEMANAL FACEBOOK ROSAS ORQUIDEAS RAMOS CENTROS TENDENCIAS FLORALES BODAS RAMO DE NOVIAS DIA DE LA MADRE MARE\",\"isPartOf\":{\"@id\":\"https:\/\/arroyofloristeria.com\/es\/#website\"},\"primaryImageOfPage\":{\"@id\":\"https:\/\/arroyofloristeria.com\/es\/producte\/bolsa-de-centro-12-rosas\/#primaryimage\"},\"datePublished\":\"2018-02-08T09:45:42+00:00\",\"dateModified\":\"2021-02-18T08:58:07+00:00\",\"breadcrumb\":{\"@id\":\"https:\/\/arroyofloristeria.com\/es\/producte\/bolsa-de-centro-12-rosas\/#breadcrumb\"},\"inLanguage\":\"es\",\"potentialAction\":[{\"@type\":\"ReadAction\",\"target\":[\"https:\/\/arroyofloristeria.com\/es\/producte\/bolsa-de-centro-12-rosas\/\"]}]},{\"@type\":\"BreadcrumbList\",\"@id\":\"https:\/\/arroyofloristeria.com\/es\/producte\/bolsa-de-centro-12-rosas\/#breadcrumb\",\"itemListElement\":[{\"@type\":\"ListItem\",\"position\":1,\"name\":\"Portada\",\"item\":\"https:\/\/arroyofloristeria.com\/\"},{\"@type\":\"ListItem\",\"position\":2,\"name\":\"Productos\",\"item\":\"https:\/\/arroyofloristeria.com\/es\/productes\/\"},{\"@type\":\"ListItem\",\"position\":3,\"name\":\"Bolsa de centro 12 rosas\"}]}]}<\/script>\n<!-- \/ Yoast SEO plugin. -->","yoast_head_json":{"title":"Bolsa de centro 12 rosas - ARROYO FLORISTERIA LLEIDA FLORES CEREMONIAS EVENTOS PLANTAS ROSAS SANT JORDI SANT VALENTIN NACIMIENTOS PELUCHES PELUIX CORONAS FUNERARIAS JARRONES CORONAS FUNERARIAS COMPLEMENTOS ONLINE AVINGUDA BALMES OFERTA SEMANAL FACEBOOK ROSAS ORQUIDEAS RAMOS CENTROS TENDENCIAS FLORALES BODAS RAMO DE NOVIAS DIA DE LA MADRE MARE","robots":{"index":"index","follow":"follow","max-snippet":"max-snippet:-1","max-image-preview":"max-image-preview:large","max-video-preview":"max-video-preview:-1"},"canonical":"https:\/\/arroyofloristeria.com\/es\/producte\/bolsa-de-centro-12-rosas\/","og_locale":"es_ES","og_type":"article","og_title":"Bolsa de centro 12 rosas - ARROYO FLORISTERIA LLEIDA FLORES CEREMONIAS EVENTOS PLANTAS ROSAS SANT JORDI SANT VALENTIN NACIMIENTOS PELUCHES PELUIX CORONAS FUNERARIAS JARRONES CORONAS FUNERARIAS COMPLEMENTOS ONLINE AVINGUDA BALMES OFERTA SEMANAL FACEBOOK ROSAS ORQUIDEAS RAMOS CENTROS TENDENCIAS FLORALES BODAS RAMO DE NOVIAS DIA DE LA MADRE MARE","og_description":"Edici\u00f3n l\u00edmitada para San valent\u00edn","og_url":"https:\/\/arroyofloristeria.com\/es\/producte\/bolsa-de-centro-12-rosas\/","og_site_name":"ARROYO FLORISTERIA LLEIDA FLORES CEREMONIAS EVENTOS PLANTAS ROSAS SANT JORDI SANT VALENTIN NACIMIENTOS PELUCHES PELUIX CORONAS FUNERARIAS JARRONES CORONAS FUNERARIAS COMPLEMENTOS ONLINE AVINGUDA BALMES OFERTA SEMANAL FACEBOOK ROSAS ORQUIDEAS RAMOS CENTROS TENDENCIAS FLORALES BODAS RAMO DE NOVIAS DIA DE LA MADRE MARE","article_publisher":"https:\/\/www.facebook.com\/floristeriaArroyoLleida\/","article_modified_time":"2021-02-18T08:58:07+00:00","og_image":[{"width":787,"height":787,"url":"https:\/\/arroyofloristeria.com\/wp-content\/uploads\/2018\/02\/SUS5985-1.png","type":"image\/png"}],"twitter_card":"summary_large_image","schema":{"@context":"https:\/\/schema.org","@graph":[{"@type":"WebSite","@id":"https:\/\/arroyofloristeria.com\/es\/#website","url":"https:\/\/arroyofloristeria.com\/es\/","name":"ARROYO FLORISTERIA LLEIDA FLORES CEREMONIAS EVENTOS PLANTAS ROSAS SANT JORDI SANT VALENTIN NACIMIENTOS PELUCHES PELUIX CORONAS FUNERARIAS JARRONES CORONAS FUNERARIAS COMPLEMENTOS ONLINE AVINGUDA BALMES OFERTA SEMANAL FACEBOOK ROSAS ORQUIDEAS RAMOS CENTROS TENDENCIAS FLORALES BODAS RAMO DE NOVIAS DIA DE LA MADRE MARE","description":"ARROYO FLORISTERIA LLEIDA FLORES CEREMONIAS EVENTOS PLANTAS ROSAS SANT JORDI SANT VALENTIN NACIMIENTOS PELUCHES PELUIX CORONAS FUNERARIAS JARRONES CORONAS FUNERARIAS COMPLEMENTOS ONLINE AVINGUDA BALMES OFERTA SEMANAL FACEBOOK ROSAS ORQUIDEAS RAMOS CENTROS TENDENCIAS FLORALES BODAS RAMO DE NOVIAS DIA DE LA MADRE MARE","potentialAction":[{"@type":"SearchAction","target":{"@type":"EntryPoint","urlTemplate":"https:\/\/arroyofloristeria.com\/es\/?s={search_term_string}"},"query-input":"required name=search_term_string"}],"inLanguage":"es"},{"@type":"ImageObject","inLanguage":"es","@id":"https:\/\/arroyofloristeria.com\/es\/producte\/bolsa-de-centro-12-rosas\/#primaryimage","url":"https:\/\/arroyofloristeria.com\/wp-content\/uploads\/2018\/02\/SUS5985-1.png","contentUrl":"https:\/\/arroyofloristeria.com\/wp-content\/uploads\/2018\/02\/SUS5985-1.png","width":787,"height":787},{"@type":"WebPage","@id":"https:\/\/arroyofloristeria.com\/es\/producte\/bolsa-de-centro-12-rosas\/#webpage","url":"https:\/\/arroyofloristeria.com\/es\/producte\/bolsa-de-centro-12-rosas\/","name":"Bolsa de centro 12 rosas - ARROYO FLORISTERIA LLEIDA FLORES CEREMONIAS EVENTOS PLANTAS ROSAS SANT JORDI SANT VALENTIN NACIMIENTOS PELUCHES PELUIX CORONAS FUNERARIAS JARRONES CORONAS FUNERARIAS COMPLEMENTOS ONLINE AVINGUDA BALMES OFERTA SEMANAL FACEBOOK ROSAS ORQUIDEAS RAMOS CENTROS TENDENCIAS FLORALES BODAS RAMO DE NOVIAS DIA DE LA MADRE MARE","isPartOf":{"@id":"https:\/\/arroyofloristeria.com\/es\/#website"},"primaryImageOfPage":{"@id":"https:\/\/arroyofloristeria.com\/es\/producte\/bolsa-de-centro-12-rosas\/#primaryimage"},"datePublished":"2018-02-08T09:45:42+00:00","dateModified":"2021-02-18T08:58:07+00:00","breadcrumb":{"@id":"https:\/\/arroyofloristeria.com\/es\/producte\/bolsa-de-centro-12-rosas\/#breadcrumb"},"inLanguage":"es","potentialAction":[{"@type":"ReadAction","target":["https:\/\/arroyofloristeria.com\/es\/producte\/bolsa-de-centro-12-rosas\/"]}]},{"@type":"BreadcrumbList","@id":"https:\/\/arroyofloristeria.com\/es\/producte\/bolsa-de-centro-12-rosas\/#breadcrumb","itemListElement":[{"@type":"ListItem","position":1,"name":"Portada","item":"https:\/\/arroyofloristeria.com\/"},{"@type":"ListItem","position":2,"name":"Productos","item":"https:\/\/arroyofloristeria.com\/es\/productes\/"},{"@type":"ListItem","position":3,"name":"Bolsa de centro 12 rosas"}]}]}},"_links":{"self":[{"href":"https:\/\/arroyofloristeria.com\/es\/wp-json\/wp\/v2\/product\/2561"}],"collection":[{"href":"https:\/\/arroyofloristeria.com\/es\/wp-json\/wp\/v2\/product"}],"about":[{"href":"https:\/\/arroyofloristeria.com\/es\/wp-json\/wp\/v2\/types\/product"}],"wp:featuredmedia":[{"embeddable":true,"href":"https:\/\/arroyofloristeria.com\/es\/wp-json\/wp\/v2\/media\/2567"}],"wp:attachment":[{"href":"https:\/\/arroyofloristeria.com\/es\/wp-json\/wp\/v2\/media?parent=2561"}],"wp:term":[{"taxonomy":"product_cat","embeddable":true,"href":"https:\/\/arroyofloristeria.com\/es\/wp-json\/wp\/v2\/product_cat?post=2561"},{"taxonomy":"product_tag","embeddable":true,"href":"https:\/\/arroyofloristeria.com\/es\/wp-json\/wp\/v2\/product_tag?post=2561"}],"curies":[{"name":"wp","href":"https:\/\/api.w.org\/{rel}","templated":true}]}}