{"id":2336,"date":"2017-11-27T17:52:13","date_gmt":"2017-11-27T17:52:13","guid":{"rendered":"http:\/\/arroyofloristeria.com\/?post_type=product&#038;p=2336"},"modified":"2020-07-09T17:35:24","modified_gmt":"2020-07-09T17:35:24","slug":"jarron-cilindrico","status":"publish","type":"product","link":"https:\/\/arroyofloristeria.com\/es\/producte\/jarron-cilindrico\/","title":{"rendered":"Jarr\u00f3n cil\u00edndrico"},"content":{"rendered":"<p>40cm de altura por 15cm de di\u00e1metro<\/p>","protected":false},"excerpt":{"rendered":"<p>Jarr\u00f3n cil\u00edndrico de cristal<\/p>\n","protected":false},"featured_media":2337,"template":"","meta":{"spay_email":"","_joinchat":[]},"product_cat":[26,35],"product_tag":[],"yoast_head":"<!-- This site is optimized with the Yoast SEO plugin v19.0 - https:\/\/yoast.com\/wordpress\/plugins\/seo\/ -->\n<title>Jarr\u00f3n cil\u00edndrico - ARROYO FLORISTERIA LLEIDA FLORES CEREMONIAS EVENTOS PLANTAS ROSAS SANT JORDI SANT VALENTIN NACIMIENTOS PELUCHES PELUIX CORONAS FUNERARIAS JARRONES CORONAS FUNERARIAS COMPLEMENTOS ONLINE AVINGUDA BALMES OFERTA SEMANAL FACEBOOK ROSAS ORQUIDEAS RAMOS CENTROS TENDENCIAS FLORALES BODAS RAMO DE NOVIAS DIA DE LA MADRE MARE<\/title>\n<meta name=\"robots\" content=\"index, follow, max-snippet:-1, max-image-preview:large, max-video-preview:-1\" \/>\n<link rel=\"canonical\" href=\"https:\/\/arroyofloristeria.com\/ca\/producte\/jarron-cilindrico\/\" \/>\n<meta property=\"og:locale\" content=\"es_ES\" \/>\n<meta property=\"og:type\" content=\"article\" \/>\n<meta property=\"og:title\" content=\"Jarr\u00f3n cil\u00edndrico - ARROYO FLORISTERIA LLEIDA FLORES CEREMONIAS EVENTOS PLANTAS ROSAS SANT JORDI SANT VALENTIN NACIMIENTOS PELUCHES PELUIX CORONAS FUNERARIAS JARRONES CORONAS FUNERARIAS COMPLEMENTOS ONLINE AVINGUDA BALMES OFERTA SEMANAL FACEBOOK ROSAS ORQUIDEAS RAMOS CENTROS TENDENCIAS FLORALES BODAS RAMO DE NOVIAS DIA DE LA MADRE MARE\" \/>\n<meta property=\"og:description\" content=\"[:ca]Gerro cil\u00edndric de vidre[:es]Jarr\u00f3n cil\u00edndrico de cristal[:]\" \/>\n<meta property=\"og:url\" content=\"https:\/\/arroyofloristeria.com\/ca\/producte\/jarron-cilindrico\/\" \/>\n<meta property=\"og:site_name\" content=\"ARROYO FLORISTERIA LLEIDA FLORES CEREMONIAS EVENTOS PLANTAS ROSAS SANT JORDI SANT VALENTIN NACIMIENTOS PELUCHES PELUIX CORONAS FUNERARIAS JARRONES CORONAS FUNERARIAS COMPLEMENTOS ONLINE AVINGUDA BALMES OFERTA SEMANAL FACEBOOK ROSAS ORQUIDEAS RAMOS CENTROS TENDENCIAS FLORALES BODAS RAMO DE NOVIAS DIA DE LA MADRE MARE\" \/>\n<meta property=\"article:publisher\" content=\"https:\/\/www.facebook.com\/floristeriaArroyoLleida\/\" \/>\n<meta property=\"article:modified_time\" content=\"2020-07-09T17:35:24+00:00\" \/>\n<meta property=\"og:image\" content=\"https:\/\/arroyofloristeria.com\/wp-content\/uploads\/2017\/11\/jerro5-e1511882457320.jpg\" \/>\n\t<meta property=\"og:image:width\" content=\"1500\" \/>\n\t<meta property=\"og:image:height\" content=\"1500\" \/>\n\t<meta property=\"og:image:type\" content=\"image\/jpeg\" \/>\n<meta name=\"twitter:card\" content=\"summary_large_image\" \/>\n<script type=\"application\/ld+json\" class=\"yoast-schema-graph\">{\"@context\":\"https:\/\/schema.org\",\"@graph\":[{\"@type\":\"WebSite\",\"@id\":\"https:\/\/arroyofloristeria.com\/es\/#website\",\"url\":\"https:\/\/arroyofloristeria.com\/es\/\",\"name\":\"ARROYO FLORISTERIA LLEIDA FLORES CEREMONIAS EVENTOS PLANTAS ROSAS SANT JORDI SANT VALENTIN NACIMIENTOS PELUCHES PELUIX CORONAS FUNERARIAS JARRONES CORONAS FUNERARIAS COMPLEMENTOS ONLINE AVINGUDA BALMES OFERTA SEMANAL FACEBOOK ROSAS ORQUIDEAS RAMOS CENTROS TENDENCIAS FLORALES BODAS RAMO DE NOVIAS DIA DE LA MADRE MARE\",\"description\":\"ARROYO FLORISTERIA LLEIDA FLORES CEREMONIAS EVENTOS PLANTAS ROSAS SANT JORDI SANT VALENTIN NACIMIENTOS PELUCHES PELUIX CORONAS FUNERARIAS JARRONES CORONAS FUNERARIAS COMPLEMENTOS ONLINE AVINGUDA BALMES OFERTA SEMANAL FACEBOOK ROSAS ORQUIDEAS RAMOS CENTROS TENDENCIAS FLORALES BODAS RAMO DE NOVIAS DIA DE LA MADRE MARE\",\"potentialAction\":[{\"@type\":\"SearchAction\",\"target\":{\"@type\":\"EntryPoint\",\"urlTemplate\":\"https:\/\/arroyofloristeria.com\/es\/?s={search_term_string}\"},\"query-input\":\"required name=search_term_string\"}],\"inLanguage\":\"es\"},{\"@type\":\"ImageObject\",\"inLanguage\":\"es\",\"@id\":\"https:\/\/arroyofloristeria.com\/ca\/producte\/jarron-cilindrico\/#primaryimage\",\"url\":\"https:\/\/arroyofloristeria.com\/wp-content\/uploads\/2017\/11\/jerro5-e1511882457320.jpg\",\"contentUrl\":\"https:\/\/arroyofloristeria.com\/wp-content\/uploads\/2017\/11\/jerro5-e1511882457320.jpg\",\"width\":1500,\"height\":1500,\"caption\":\"jarr\u00f3n cristal\"},{\"@type\":\"WebPage\",\"@id\":\"https:\/\/arroyofloristeria.com\/ca\/producte\/jarron-cilindrico\/#webpage\",\"url\":\"https:\/\/arroyofloristeria.com\/ca\/producte\/jarron-cilindrico\/\",\"name\":\"Jarr\u00f3n cil\u00edndrico - ARROYO FLORISTERIA LLEIDA FLORES CEREMONIAS EVENTOS PLANTAS ROSAS SANT JORDI SANT VALENTIN NACIMIENTOS PELUCHES PELUIX CORONAS FUNERARIAS JARRONES CORONAS FUNERARIAS COMPLEMENTOS ONLINE AVINGUDA BALMES OFERTA SEMANAL FACEBOOK ROSAS ORQUIDEAS RAMOS CENTROS TENDENCIAS FLORALES BODAS RAMO DE NOVIAS DIA DE LA MADRE MARE\",\"isPartOf\":{\"@id\":\"https:\/\/arroyofloristeria.com\/es\/#website\"},\"primaryImageOfPage\":{\"@id\":\"https:\/\/arroyofloristeria.com\/ca\/producte\/jarron-cilindrico\/#primaryimage\"},\"datePublished\":\"2017-11-27T17:52:13+00:00\",\"dateModified\":\"2020-07-09T17:35:24+00:00\",\"breadcrumb\":{\"@id\":\"https:\/\/arroyofloristeria.com\/ca\/producte\/jarron-cilindrico\/#breadcrumb\"},\"inLanguage\":\"es\",\"potentialAction\":[{\"@type\":\"ReadAction\",\"target\":[\"https:\/\/arroyofloristeria.com\/ca\/producte\/jarron-cilindrico\/\"]}]},{\"@type\":\"BreadcrumbList\",\"@id\":\"https:\/\/arroyofloristeria.com\/ca\/producte\/jarron-cilindrico\/#breadcrumb\",\"itemListElement\":[{\"@type\":\"ListItem\",\"position\":1,\"name\":\"Portada\",\"item\":\"https:\/\/arroyofloristeria.com\/\"},{\"@type\":\"ListItem\",\"position\":2,\"name\":\"Productos\",\"item\":\"https:\/\/arroyofloristeria.com\/es\/productes\/\"},{\"@type\":\"ListItem\",\"position\":3,\"name\":\"Gerro cil\u00edndric\"}]}]}<\/script>\n<!-- \/ Yoast SEO plugin. -->","yoast_head_json":{"title":"Jarr\u00f3n cil\u00edndrico - ARROYO FLORISTERIA LLEIDA FLORES CEREMONIAS EVENTOS PLANTAS ROSAS SANT JORDI SANT VALENTIN NACIMIENTOS PELUCHES PELUIX CORONAS FUNERARIAS JARRONES CORONAS FUNERARIAS COMPLEMENTOS ONLINE AVINGUDA BALMES OFERTA SEMANAL FACEBOOK ROSAS ORQUIDEAS RAMOS CENTROS TENDENCIAS FLORALES BODAS RAMO DE NOVIAS DIA DE LA MADRE MARE","robots":{"index":"index","follow":"follow","max-snippet":"max-snippet:-1","max-image-preview":"max-image-preview:large","max-video-preview":"max-video-preview:-1"},"canonical":"https:\/\/arroyofloristeria.com\/ca\/producte\/jarron-cilindrico\/","og_locale":"es_ES","og_type":"article","og_title":"Jarr\u00f3n cil\u00edndrico - ARROYO FLORISTERIA LLEIDA FLORES CEREMONIAS EVENTOS PLANTAS ROSAS SANT JORDI SANT VALENTIN NACIMIENTOS PELUCHES PELUIX CORONAS FUNERARIAS JARRONES CORONAS FUNERARIAS COMPLEMENTOS ONLINE AVINGUDA BALMES OFERTA SEMANAL FACEBOOK ROSAS ORQUIDEAS RAMOS CENTROS TENDENCIAS FLORALES BODAS RAMO DE NOVIAS DIA DE LA MADRE MARE","og_description":"[:ca]Gerro cil\u00edndric de vidre[:es]Jarr\u00f3n cil\u00edndrico de cristal[:]","og_url":"https:\/\/arroyofloristeria.com\/ca\/producte\/jarron-cilindrico\/","og_site_name":"ARROYO FLORISTERIA LLEIDA FLORES CEREMONIAS EVENTOS PLANTAS ROSAS SANT JORDI SANT VALENTIN NACIMIENTOS PELUCHES PELUIX CORONAS FUNERARIAS JARRONES CORONAS FUNERARIAS COMPLEMENTOS ONLINE AVINGUDA BALMES OFERTA SEMANAL FACEBOOK ROSAS ORQUIDEAS RAMOS CENTROS TENDENCIAS FLORALES BODAS RAMO DE NOVIAS DIA DE LA MADRE MARE","article_publisher":"https:\/\/www.facebook.com\/floristeriaArroyoLleida\/","article_modified_time":"2020-07-09T17:35:24+00:00","og_image":[{"width":1500,"height":1500,"url":"https:\/\/arroyofloristeria.com\/wp-content\/uploads\/2017\/11\/jerro5-e1511882457320.jpg","type":"image\/jpeg"}],"twitter_card":"summary_large_image","schema":{"@context":"https:\/\/schema.org","@graph":[{"@type":"WebSite","@id":"https:\/\/arroyofloristeria.com\/es\/#website","url":"https:\/\/arroyofloristeria.com\/es\/","name":"ARROYO FLORISTERIA LLEIDA FLORES CEREMONIAS EVENTOS PLANTAS ROSAS SANT JORDI SANT VALENTIN NACIMIENTOS PELUCHES PELUIX CORONAS FUNERARIAS JARRONES CORONAS FUNERARIAS COMPLEMENTOS ONLINE AVINGUDA BALMES OFERTA SEMANAL FACEBOOK ROSAS ORQUIDEAS RAMOS CENTROS TENDENCIAS FLORALES BODAS RAMO DE NOVIAS DIA DE LA MADRE MARE","description":"ARROYO FLORISTERIA LLEIDA FLORES CEREMONIAS EVENTOS PLANTAS ROSAS SANT JORDI SANT VALENTIN NACIMIENTOS PELUCHES PELUIX CORONAS FUNERARIAS JARRONES CORONAS FUNERARIAS COMPLEMENTOS ONLINE AVINGUDA BALMES OFERTA SEMANAL FACEBOOK ROSAS ORQUIDEAS RAMOS CENTROS TENDENCIAS FLORALES BODAS RAMO DE NOVIAS DIA DE LA MADRE MARE","potentialAction":[{"@type":"SearchAction","target":{"@type":"EntryPoint","urlTemplate":"https:\/\/arroyofloristeria.com\/es\/?s={search_term_string}"},"query-input":"required name=search_term_string"}],"inLanguage":"es"},{"@type":"ImageObject","inLanguage":"es","@id":"https:\/\/arroyofloristeria.com\/ca\/producte\/jarron-cilindrico\/#primaryimage","url":"https:\/\/arroyofloristeria.com\/wp-content\/uploads\/2017\/11\/jerro5-e1511882457320.jpg","contentUrl":"https:\/\/arroyofloristeria.com\/wp-content\/uploads\/2017\/11\/jerro5-e1511882457320.jpg","width":1500,"height":1500,"caption":"jarr\u00f3n cristal"},{"@type":"WebPage","@id":"https:\/\/arroyofloristeria.com\/ca\/producte\/jarron-cilindrico\/#webpage","url":"https:\/\/arroyofloristeria.com\/ca\/producte\/jarron-cilindrico\/","name":"Jarr\u00f3n cil\u00edndrico - ARROYO FLORISTERIA LLEIDA FLORES CEREMONIAS EVENTOS PLANTAS ROSAS SANT JORDI SANT VALENTIN NACIMIENTOS PELUCHES PELUIX CORONAS FUNERARIAS JARRONES CORONAS FUNERARIAS COMPLEMENTOS ONLINE AVINGUDA BALMES OFERTA SEMANAL FACEBOOK ROSAS ORQUIDEAS RAMOS CENTROS TENDENCIAS FLORALES BODAS RAMO DE NOVIAS DIA DE LA MADRE MARE","isPartOf":{"@id":"https:\/\/arroyofloristeria.com\/es\/#website"},"primaryImageOfPage":{"@id":"https:\/\/arroyofloristeria.com\/ca\/producte\/jarron-cilindrico\/#primaryimage"},"datePublished":"2017-11-27T17:52:13+00:00","dateModified":"2020-07-09T17:35:24+00:00","breadcrumb":{"@id":"https:\/\/arroyofloristeria.com\/ca\/producte\/jarron-cilindrico\/#breadcrumb"},"inLanguage":"es","potentialAction":[{"@type":"ReadAction","target":["https:\/\/arroyofloristeria.com\/ca\/producte\/jarron-cilindrico\/"]}]},{"@type":"BreadcrumbList","@id":"https:\/\/arroyofloristeria.com\/ca\/producte\/jarron-cilindrico\/#breadcrumb","itemListElement":[{"@type":"ListItem","position":1,"name":"Portada","item":"https:\/\/arroyofloristeria.com\/"},{"@type":"ListItem","position":2,"name":"Productos","item":"https:\/\/arroyofloristeria.com\/es\/productes\/"},{"@type":"ListItem","position":3,"name":"Gerro cil\u00edndric"}]}]}},"_links":{"self":[{"href":"https:\/\/arroyofloristeria.com\/es\/wp-json\/wp\/v2\/product\/2336"}],"collection":[{"href":"https:\/\/arroyofloristeria.com\/es\/wp-json\/wp\/v2\/product"}],"about":[{"href":"https:\/\/arroyofloristeria.com\/es\/wp-json\/wp\/v2\/types\/product"}],"wp:featuredmedia":[{"embeddable":true,"href":"https:\/\/arroyofloristeria.com\/es\/wp-json\/wp\/v2\/media\/2337"}],"wp:attachment":[{"href":"https:\/\/arroyofloristeria.com\/es\/wp-json\/wp\/v2\/media?parent=2336"}],"wp:term":[{"taxonomy":"product_cat","embeddable":true,"href":"https:\/\/arroyofloristeria.com\/es\/wp-json\/wp\/v2\/product_cat?post=2336"},{"taxonomy":"product_tag","embeddable":true,"href":"https:\/\/arroyofloristeria.com\/es\/wp-json\/wp\/v2\/product_tag?post=2336"}],"curies":[{"name":"wp","href":"https:\/\/api.w.org\/{rel}","templated":true}]}}