{"id":56,"date":"2017-09-27T14:35:05","date_gmt":"2017-09-27T14:35:05","guid":{"rendered":"http:\/\/arroyofloristeria.com\/?page_id=56"},"modified":"2022-03-02T10:04:41","modified_gmt":"2022-03-02T09:04:41","slug":"qui-som","status":"publish","type":"page","link":"https:\/\/arroyofloristeria.com\/es\/qui-som\/","title":{"rendered":"Qui\u00e9nes somos"},"content":{"rendered":"<p><span class=\"floristeria\">Florister\u00eda Arroyo<\/span> , con cincuenta y tres a\u00f1os de experiencia en el sector de la florister\u00eda. Te ofrece toda una amplia gama de servicios en arreglos en arte floral: ramos y centros en flor cortada, planta natural de exterior e interior, orqu\u00eddeas, planta de temporada\u2026,todo ello para acompa\u00f1arte en todos los momentos de tu vida, agradecimientos, bodas, nacimientos, defunciones\u2026<\/p>\n<p>En un ambiente familiar intentamos aconsejar al cliente en su compra, adecu\u00e1ndonos a sus circunstancias en cada momento.<\/p>\n<div class=\"servicios\">\n<h4 class=\"avall\">\u00bfQu\u00e9 te ofrecemos?<\/h4>\n<p>-M\u00e1xima <strong>calidad y variedad<\/strong> en flores y plantas, es una constante en nuestra manera de trabajar igual que estar pendiente de las \u00faltimas tendencias en arte floral y decoraci\u00f3n.<\/p>\n<p>-Especialistas en creaciones florales para <strong>bodas y eventos, dise\u00f1o de escaparates<\/strong>.<\/p>\n<p>\u2013<strong>Servicio Interflora<\/strong>, enviamos flores a todo el mundo a trav\u00e9s de este prestigioso servicio.<img id=\"jerro\" class=\"alignright\" src=\"http:\/\/arroyofloristeria.com\/wp-content\/uploads\/2017\/09\/flores-169x300.png\" alt=\"flores\" \/><\/p>\n<p>\u2013<strong>Mantenimiento<\/strong> semanal de flores y plantas en tu comercio u oficina.<\/p>\n<p>\u2013<strong>Shop on-line<\/strong>, Desde nuestra tienda on-line, puedes acceder a un variado abanico de arreglos y hacer tus pedidos.<\/p>\n<p>\u2013<strong>Venta personal por tel\u00e9fono<\/strong>, no dudes en llamarnos para cualquier encargo, consejo para el mejor cuidado de tus flores y plantas, y lo que desees!<\/p>\n<p>\u2013<strong>Repartiment especial<\/strong> de les nostres creacions.<\/p>\n<p>Te damos la bienvenida, deseando que te sientas identificado con nosotros.<\/p>\n<p><span class=\"firma\">Paloma Arroyo<\/span><\/p>\n<\/div>\n<p><\/p>","protected":false},"excerpt":{"rendered":"<p>Florister\u00eda Arroyo , con cincuenta y tres a\u00f1os de experiencia en el sector de la florister\u00eda. Te ofrece toda una amplia gama de servicios en arreglos en arte floral: ramos y centros en flor cortada, planta natural de exterior e interior, orqu\u00eddeas, planta de temporada\u2026,todo ello para acompa\u00f1arte en todos los momentos de tu vida, [&hellip;]<\/p>\n","protected":false},"author":44,"featured_media":0,"parent":0,"menu_order":0,"comment_status":"closed","ping_status":"closed","template":"","meta":{"spay_email":"","_joinchat":[]},"yoast_head":"<!-- This site is optimized with the Yoast SEO plugin v19.0 - https:\/\/yoast.com\/wordpress\/plugins\/seo\/ -->\n<title>Qui\u00e9nes somos - ARROYO FLORISTERIA LLEIDA FLORES CEREMONIAS EVENTOS PLANTAS ROSAS SANT JORDI SANT VALENTIN NACIMIENTOS PELUCHES PELUIX CORONAS FUNERARIAS JARRONES CORONAS FUNERARIAS COMPLEMENTOS ONLINE AVINGUDA BALMES OFERTA SEMANAL FACEBOOK ROSAS ORQUIDEAS RAMOS CENTROS TENDENCIAS FLORALES BODAS RAMO DE NOVIAS DIA DE LA MADRE MARE<\/title>\n<meta name=\"robots\" content=\"index, follow, max-snippet:-1, max-image-preview:large, max-video-preview:-1\" \/>\n<link rel=\"canonical\" href=\"https:\/\/arroyofloristeria.com\/es\/qui-som\/\" \/>\n<meta property=\"og:locale\" content=\"es_ES\" \/>\n<meta property=\"og:type\" content=\"article\" \/>\n<meta property=\"og:title\" content=\"Qui\u00e9nes somos - ARROYO FLORISTERIA LLEIDA FLORES CEREMONIAS EVENTOS PLANTAS ROSAS SANT JORDI SANT VALENTIN NACIMIENTOS PELUCHES PELUIX CORONAS FUNERARIAS JARRONES CORONAS FUNERARIAS COMPLEMENTOS ONLINE AVINGUDA BALMES OFERTA SEMANAL FACEBOOK ROSAS ORQUIDEAS RAMOS CENTROS TENDENCIAS FLORALES BODAS RAMO DE NOVIAS DIA DE LA MADRE MARE\" \/>\n<meta property=\"og:description\" content=\"Florister\u00eda Arroyo , con cincuenta y tres a\u00f1os de experiencia en el sector de la florister\u00eda. Te ofrece toda una amplia gama de servicios en arreglos en arte floral: ramos y centros en flor cortada, planta natural de exterior e interior, orqu\u00eddeas, planta de temporada\u2026,todo ello para acompa\u00f1arte en todos los momentos de tu vida, [&hellip;]\" \/>\n<meta property=\"og:url\" content=\"https:\/\/arroyofloristeria.com\/es\/qui-som\/\" \/>\n<meta property=\"og:site_name\" content=\"ARROYO FLORISTERIA LLEIDA FLORES CEREMONIAS EVENTOS PLANTAS ROSAS SANT JORDI SANT VALENTIN NACIMIENTOS PELUCHES PELUIX CORONAS FUNERARIAS JARRONES CORONAS FUNERARIAS COMPLEMENTOS ONLINE AVINGUDA BALMES OFERTA SEMANAL FACEBOOK ROSAS ORQUIDEAS RAMOS CENTROS TENDENCIAS FLORALES BODAS RAMO DE NOVIAS DIA DE LA MADRE MARE\" \/>\n<meta property=\"article:publisher\" content=\"https:\/\/www.facebook.com\/floristeriaArroyoLleida\/\" \/>\n<meta property=\"article:modified_time\" content=\"2022-03-02T09:04:41+00:00\" \/>\n<meta property=\"og:image\" content=\"http:\/\/arroyofloristeria.com\/wp-content\/uploads\/2017\/09\/flores-169x300.png\" \/>\n<meta name=\"twitter:card\" content=\"summary_large_image\" \/>\n<meta name=\"twitter:label1\" content=\"Tiempo de lectura\" \/>\n\t<meta name=\"twitter:data1\" content=\"2 minutos\" \/>\n<script type=\"application\/ld+json\" class=\"yoast-schema-graph\">{\"@context\":\"https:\/\/schema.org\",\"@graph\":[{\"@type\":\"WebSite\",\"@id\":\"https:\/\/arroyofloristeria.com\/es\/#website\",\"url\":\"https:\/\/arroyofloristeria.com\/es\/\",\"name\":\"ARROYO FLORISTERIA LLEIDA FLORES CEREMONIAS EVENTOS PLANTAS ROSAS SANT JORDI SANT VALENTIN NACIMIENTOS PELUCHES PELUIX CORONAS FUNERARIAS JARRONES CORONAS FUNERARIAS COMPLEMENTOS ONLINE AVINGUDA BALMES OFERTA SEMANAL FACEBOOK ROSAS ORQUIDEAS RAMOS CENTROS TENDENCIAS FLORALES BODAS RAMO DE NOVIAS DIA DE LA MADRE MARE\",\"description\":\"ARROYO FLORISTERIA LLEIDA FLORES CEREMONIAS EVENTOS PLANTAS ROSAS SANT JORDI SANT VALENTIN NACIMIENTOS PELUCHES PELUIX CORONAS FUNERARIAS JARRONES CORONAS FUNERARIAS COMPLEMENTOS ONLINE AVINGUDA BALMES OFERTA SEMANAL FACEBOOK ROSAS ORQUIDEAS RAMOS CENTROS TENDENCIAS FLORALES BODAS RAMO DE NOVIAS DIA DE LA MADRE MARE\",\"potentialAction\":[{\"@type\":\"SearchAction\",\"target\":{\"@type\":\"EntryPoint\",\"urlTemplate\":\"https:\/\/arroyofloristeria.com\/es\/?s={search_term_string}\"},\"query-input\":\"required name=search_term_string\"}],\"inLanguage\":\"es\"},{\"@type\":\"ImageObject\",\"inLanguage\":\"es\",\"@id\":\"https:\/\/arroyofloristeria.com\/es\/qui-som\/#primaryimage\",\"url\":\"http:\/\/arroyofloristeria.com\/wp-content\/uploads\/2017\/09\/flores-169x300.png\",\"contentUrl\":\"http:\/\/arroyofloristeria.com\/wp-content\/uploads\/2017\/09\/flores-169x300.png\"},{\"@type\":\"WebPage\",\"@id\":\"https:\/\/arroyofloristeria.com\/es\/qui-som\/#webpage\",\"url\":\"https:\/\/arroyofloristeria.com\/es\/qui-som\/\",\"name\":\"Qui\u00e9nes somos - ARROYO FLORISTERIA LLEIDA FLORES CEREMONIAS EVENTOS PLANTAS ROSAS SANT JORDI SANT VALENTIN NACIMIENTOS PELUCHES PELUIX CORONAS FUNERARIAS JARRONES CORONAS FUNERARIAS COMPLEMENTOS ONLINE AVINGUDA BALMES OFERTA SEMANAL FACEBOOK ROSAS ORQUIDEAS RAMOS CENTROS TENDENCIAS FLORALES BODAS RAMO DE NOVIAS DIA DE LA MADRE MARE\",\"isPartOf\":{\"@id\":\"https:\/\/arroyofloristeria.com\/es\/#website\"},\"primaryImageOfPage\":{\"@id\":\"https:\/\/arroyofloristeria.com\/es\/qui-som\/#primaryimage\"},\"datePublished\":\"2017-09-27T14:35:05+00:00\",\"dateModified\":\"2022-03-02T09:04:41+00:00\",\"breadcrumb\":{\"@id\":\"https:\/\/arroyofloristeria.com\/es\/qui-som\/#breadcrumb\"},\"inLanguage\":\"es\",\"potentialAction\":[{\"@type\":\"ReadAction\",\"target\":[\"https:\/\/arroyofloristeria.com\/es\/qui-som\/\"]}]},{\"@type\":\"BreadcrumbList\",\"@id\":\"https:\/\/arroyofloristeria.com\/es\/qui-som\/#breadcrumb\",\"itemListElement\":[{\"@type\":\"ListItem\",\"position\":1,\"name\":\"Portada\",\"item\":\"https:\/\/arroyofloristeria.com\/\"},{\"@type\":\"ListItem\",\"position\":2,\"name\":\"Qui\u00e9nes somos\"}]}]}<\/script>\n<!-- \/ Yoast SEO plugin. -->","yoast_head_json":{"title":"Qui\u00e9nes somos - ARROYO FLORISTERIA LLEIDA FLORES CEREMONIAS EVENTOS PLANTAS ROSAS SANT JORDI SANT VALENTIN NACIMIENTOS PELUCHES PELUIX CORONAS FUNERARIAS JARRONES CORONAS FUNERARIAS COMPLEMENTOS ONLINE AVINGUDA BALMES OFERTA SEMANAL FACEBOOK ROSAS ORQUIDEAS RAMOS CENTROS TENDENCIAS FLORALES BODAS RAMO DE NOVIAS DIA DE LA MADRE MARE","robots":{"index":"index","follow":"follow","max-snippet":"max-snippet:-1","max-image-preview":"max-image-preview:large","max-video-preview":"max-video-preview:-1"},"canonical":"https:\/\/arroyofloristeria.com\/es\/qui-som\/","og_locale":"es_ES","og_type":"article","og_title":"Qui\u00e9nes somos - ARROYO FLORISTERIA LLEIDA FLORES CEREMONIAS EVENTOS PLANTAS ROSAS SANT JORDI SANT VALENTIN NACIMIENTOS PELUCHES PELUIX CORONAS FUNERARIAS JARRONES CORONAS FUNERARIAS COMPLEMENTOS ONLINE AVINGUDA BALMES OFERTA SEMANAL FACEBOOK ROSAS ORQUIDEAS RAMOS CENTROS TENDENCIAS FLORALES BODAS RAMO DE NOVIAS DIA DE LA MADRE MARE","og_description":"Florister\u00eda Arroyo , con cincuenta y tres a\u00f1os de experiencia en el sector de la florister\u00eda. Te ofrece toda una amplia gama de servicios en arreglos en arte floral: ramos y centros en flor cortada, planta natural de exterior e interior, orqu\u00eddeas, planta de temporada\u2026,todo ello para acompa\u00f1arte en todos los momentos de tu vida, [&hellip;]","og_url":"https:\/\/arroyofloristeria.com\/es\/qui-som\/","og_site_name":"ARROYO FLORISTERIA LLEIDA FLORES CEREMONIAS EVENTOS PLANTAS ROSAS SANT JORDI SANT VALENTIN NACIMIENTOS PELUCHES PELUIX CORONAS FUNERARIAS JARRONES CORONAS FUNERARIAS COMPLEMENTOS ONLINE AVINGUDA BALMES OFERTA SEMANAL FACEBOOK ROSAS ORQUIDEAS RAMOS CENTROS TENDENCIAS FLORALES BODAS RAMO DE NOVIAS DIA DE LA MADRE MARE","article_publisher":"https:\/\/www.facebook.com\/floristeriaArroyoLleida\/","article_modified_time":"2022-03-02T09:04:41+00:00","og_image":[{"url":"http:\/\/arroyofloristeria.com\/wp-content\/uploads\/2017\/09\/flores-169x300.png"}],"twitter_card":"summary_large_image","twitter_misc":{"Tiempo de lectura":"2 minutos"},"schema":{"@context":"https:\/\/schema.org","@graph":[{"@type":"WebSite","@id":"https:\/\/arroyofloristeria.com\/es\/#website","url":"https:\/\/arroyofloristeria.com\/es\/","name":"ARROYO FLORISTERIA LLEIDA FLORES CEREMONIAS EVENTOS PLANTAS ROSAS SANT JORDI SANT VALENTIN NACIMIENTOS PELUCHES PELUIX CORONAS FUNERARIAS JARRONES CORONAS FUNERARIAS COMPLEMENTOS ONLINE AVINGUDA BALMES OFERTA SEMANAL FACEBOOK ROSAS ORQUIDEAS RAMOS CENTROS TENDENCIAS FLORALES BODAS RAMO DE NOVIAS DIA DE LA MADRE MARE","description":"ARROYO FLORISTERIA LLEIDA FLORES CEREMONIAS EVENTOS PLANTAS ROSAS SANT JORDI SANT VALENTIN NACIMIENTOS PELUCHES PELUIX CORONAS FUNERARIAS JARRONES CORONAS FUNERARIAS COMPLEMENTOS ONLINE AVINGUDA BALMES OFERTA SEMANAL FACEBOOK ROSAS ORQUIDEAS RAMOS CENTROS TENDENCIAS FLORALES BODAS RAMO DE NOVIAS DIA DE LA MADRE MARE","potentialAction":[{"@type":"SearchAction","target":{"@type":"EntryPoint","urlTemplate":"https:\/\/arroyofloristeria.com\/es\/?s={search_term_string}"},"query-input":"required name=search_term_string"}],"inLanguage":"es"},{"@type":"ImageObject","inLanguage":"es","@id":"https:\/\/arroyofloristeria.com\/es\/qui-som\/#primaryimage","url":"http:\/\/arroyofloristeria.com\/wp-content\/uploads\/2017\/09\/flores-169x300.png","contentUrl":"http:\/\/arroyofloristeria.com\/wp-content\/uploads\/2017\/09\/flores-169x300.png"},{"@type":"WebPage","@id":"https:\/\/arroyofloristeria.com\/es\/qui-som\/#webpage","url":"https:\/\/arroyofloristeria.com\/es\/qui-som\/","name":"Qui\u00e9nes somos - ARROYO FLORISTERIA LLEIDA FLORES CEREMONIAS EVENTOS PLANTAS ROSAS SANT JORDI SANT VALENTIN NACIMIENTOS PELUCHES PELUIX CORONAS FUNERARIAS JARRONES CORONAS FUNERARIAS COMPLEMENTOS ONLINE AVINGUDA BALMES OFERTA SEMANAL FACEBOOK ROSAS ORQUIDEAS RAMOS CENTROS TENDENCIAS FLORALES BODAS RAMO DE NOVIAS DIA DE LA MADRE MARE","isPartOf":{"@id":"https:\/\/arroyofloristeria.com\/es\/#website"},"primaryImageOfPage":{"@id":"https:\/\/arroyofloristeria.com\/es\/qui-som\/#primaryimage"},"datePublished":"2017-09-27T14:35:05+00:00","dateModified":"2022-03-02T09:04:41+00:00","breadcrumb":{"@id":"https:\/\/arroyofloristeria.com\/es\/qui-som\/#breadcrumb"},"inLanguage":"es","potentialAction":[{"@type":"ReadAction","target":["https:\/\/arroyofloristeria.com\/es\/qui-som\/"]}]},{"@type":"BreadcrumbList","@id":"https:\/\/arroyofloristeria.com\/es\/qui-som\/#breadcrumb","itemListElement":[{"@type":"ListItem","position":1,"name":"Portada","item":"https:\/\/arroyofloristeria.com\/"},{"@type":"ListItem","position":2,"name":"Qui\u00e9nes somos"}]}]}},"_links":{"self":[{"href":"https:\/\/arroyofloristeria.com\/es\/wp-json\/wp\/v2\/pages\/56"}],"collection":[{"href":"https:\/\/arroyofloristeria.com\/es\/wp-json\/wp\/v2\/pages"}],"about":[{"href":"https:\/\/arroyofloristeria.com\/es\/wp-json\/wp\/v2\/types\/page"}],"author":[{"embeddable":true,"href":"https:\/\/arroyofloristeria.com\/es\/wp-json\/wp\/v2\/users\/44"}],"replies":[{"embeddable":true,"href":"https:\/\/arroyofloristeria.com\/es\/wp-json\/wp\/v2\/comments?post=56"}],"version-history":[{"count":33,"href":"https:\/\/arroyofloristeria.com\/es\/wp-json\/wp\/v2\/pages\/56\/revisions"}],"predecessor-version":[{"id":4410,"href":"https:\/\/arroyofloristeria.com\/es\/wp-json\/wp\/v2\/pages\/56\/revisions\/4410"}],"wp:attachment":[{"href":"https:\/\/arroyofloristeria.com\/es\/wp-json\/wp\/v2\/media?parent=56"}],"curies":[{"name":"wp","href":"https:\/\/api.w.org\/{rel}","templated":true}]}}