{"id":3197,"date":"2020-02-07T12:27:43","date_gmt":"2020-02-07T12:27:43","guid":{"rendered":"http:\/\/arroyofloristeria.com\/?page_id=3197"},"modified":"2023-04-03T08:58:23","modified_gmt":"2023-04-03T06:58:23","slug":"politica-de-cookies","status":"publish","type":"page","link":"https:\/\/arroyofloristeria.com\/es\/politica-de-cookies\/","title":{"rendered":"Pol\u00edtica de cookies"},"content":{"rendered":"<p>PALOMA ARROYO BELLOSTAS (FLORISTERIA ARROYO) , a trav\u00e9s del presente documento, recoge su Pol\u00edtica de recogida y tratamiento de cookies, en cumplimiento de lo dispuesto en el art\u00edculo 22.2 de la Ley 34\/2002, de 11 de julio, de Servicios de la Sociedad de la Informaci\u00f3n y de Comercio Electr\u00f3nico (LSSICE).<\/p>\n<p>&nbsp;<\/p>\n<p>Las cookies se almacenan en el equipo terminal del usuario (ordenador o dispositivo m\u00f3vil) y recopilan informaci\u00f3n al visitar la p\u00e1gina web <strong>www.arroyofloristeria.com<\/strong>, con la finalidad de mejorar la usabilidad de las mismas, conocer los h\u00e1bitos o necesidades de navegaci\u00f3n de los usuarios para poder adaptarse a los mismos, as\u00ed como obtener informaci\u00f3n con fines estad\u00edsticos. En el caso de aquellos usuarios que ya sean clientes de la entidad, la informaci\u00f3n recabada con las cookies servir\u00e1 tambi\u00e9n para su identificaci\u00f3n al acceder a las distintas herramientas que la entidad pone a su disposici\u00f3n para la gesti\u00f3n de los servicios.<\/p>\n<p>&nbsp;<\/p>\n<p>La presente Pol\u00edtica de Cookies ser\u00e1 de aplicaci\u00f3n a aquellos usuarios que voluntariamente visitan las p\u00e1ginas web de la entidad, cumplimentan formularios de recogida de datos, acceden a las herramientas que la entidad pone a disposici\u00f3n de sus clientes para gestionar sus servicios, o utilizan cualquier otro servicio presente en el sitio web que implique la comunicaci\u00f3n de datos a la entidad, o el acceso a datos por la entidad, para la prestaci\u00f3n de sus servicios.<\/p>\n<p>&nbsp;<\/p>\n<p>La entidad informa a los usuarios de sus p\u00e1ginas web, de la existencia de cookies y pone a su disposici\u00f3n la presente Pol\u00edtica con la finalidad de informarles acerca del uso y del objeto de las mismas. El hecho de continuar la navegaci\u00f3n a trav\u00e9s de sus p\u00e1ginas supone el conocimiento y la aceptaci\u00f3n de la presente Pol\u00edtica por parte de dichos usuarios.<\/p>\n<p>&nbsp;<\/p>\n<p>PALOMA ARROYO BELLOSTAS (FLORISTERIA ARROYO) utiliza los siguientes tipos de cookies:<\/p>\n<p>&nbsp;<\/p>\n<p>Clasificadas por su finalidad:<\/p>\n<p>* Cookies t\u00e9cnicas y\/o de personalizaci\u00f3n: facilitan la navegaci\u00f3n, al identificar la sesi\u00f3n, permitir el acceso a herramientas de acceso restringido, adem\u00e1s de configurar a medida las opciones disponibles. Posibilitan la prestaci\u00f3n del servicio solicitado previamente por el usuario.<\/p>\n<p>&nbsp;<\/p>\n<table width=\"633\">\n<thead>\n<tr>\n<td width=\"142\"><strong>Nombre<\/strong><\/td>\n<td width=\"416\"><strong>Descripci\u00f3n<\/strong><\/td>\n<td colspan=\"2\" width=\"75\">Duraci\u00f3n<\/td>\n<\/tr>\n<\/thead>\n<tbody>\n<tr>\n<td width=\"142\">wp-settings-<\/td>\n<td width=\"416\">WordPress tambi\u00e9n establece algunas cookies de wp-settings- [UID].\u00a0El n\u00famero al final es su ID de usuario individual de la tabla de la base de datos de usuarios.\u00a0Esto se usa para personalizar su vista de la interfaz de administraci\u00f3n y posiblemente tambi\u00e9n la interfaz del sitio principal.<\/td>\n<td colspan=\"2\" width=\"75\">1 a\u00f1o<\/td>\n<\/tr>\n<tr>\n<td width=\"142\">PHPSESSID<\/td>\n<td width=\"416\">Para identificar su sesi\u00f3n \u00fanica en el sitio web<\/td>\n<td colspan=\"2\" width=\"75\">sesi\u00f3n<\/td>\n<\/tr>\n<tr>\n<td width=\"142\">SESS<\/td>\n<td width=\"416\">Para asegurarse de que lo reconozcan cuando se mueva de una p\u00e1gina a otra dentro del sitio y que se recuerde cualquier informaci\u00f3n que haya ingresado.<\/td>\n<td colspan=\"2\" width=\"75\">sesi\u00f3n<\/td>\n<\/tr>\n<tr>\n<td width=\"142\">wordpress_<\/td>\n<td colspan=\"2\" width=\"417\">Cookie de WordPress para un usuario que ha iniciado sesi\u00f3n.<\/td>\n<td width=\"75\">sesi\u00f3n<\/td>\n<\/tr>\n<tr>\n<td width=\"142\">wordpress_logged_in_<\/td>\n<td colspan=\"2\" width=\"417\">Cookie de WordPress para un usuario registrado<\/td>\n<td width=\"75\">sesi\u00f3n<\/td>\n<\/tr>\n<tr>\n<td width=\"142\">wp-settings-time-<\/td>\n<td colspan=\"2\" width=\"417\">WordPress tambi\u00e9n establece algunas cookies de wp-settings- {time} \u2013 [UID].\u00a0El n\u00famero al final es su ID de usuario individual de la tabla de la base de datos de usuarios.\u00a0Esto se usa para personalizar su vista de la interfaz de administraci\u00f3n y posiblemente tambi\u00e9n la interfaz del sitio principal.<\/td>\n<td width=\"75\">1 a\u00f1o<\/td>\n<\/tr>\n<tr>\n<td width=\"142\">POLYLANG<\/td>\n<td colspan=\"2\" width=\"417\">Identifica el idioma del usuario<\/td>\n<td width=\"75\">sesi\u00f3n<\/td>\n<\/tr>\n<tr>\n<td width=\"149\"><\/td>\n<td width=\"409\"><\/td>\n<td width=\"1\"><\/td>\n<td width=\"75\"><\/td>\n<\/tr>\n<\/tbody>\n<\/table>\n<p>* Cookies de an\u00e1lisis y\/o publicidad: permiten conocer el n\u00famero de visitas recibidas en las diferentes secciones de las p\u00e1ginas web, los h\u00e1bitos y tendencias de sus usuarios y en consecuencia, poder mejorar la navegaci\u00f3n y el servicio ofrecido por la entidad (fundamentalmente, Google Analytics), as\u00ed como gestionar los espacios publicitarios incluidos en la p\u00e1gina web visitada por el usuario. Recopila datos de forma an\u00f3nima con la finalidad de obtener perfiles de navegaci\u00f3n de los usuarios.<\/p>\n<p>&nbsp;<\/p>\n<table width=\"643\">\n<tbody>\n<tr>\n<td width=\"113\"><strong>Nombre<\/strong><\/td>\n<td width=\"132\"><strong>Duraci\u00f3n<\/strong><\/td>\n<td width=\"397\"><strong>Descripci\u00f3n<\/strong><\/td>\n<\/tr>\n<tr>\n<td width=\"113\">_ga<\/td>\n<td width=\"132\">2\u00a0a\u00f1os<\/td>\n<td width=\"397\">Se usa para distinguir a los usuarios.<\/td>\n<\/tr>\n<tr>\n<td width=\"113\">_gid<\/td>\n<td width=\"132\">24\u00a0horas<\/td>\n<td width=\"397\">Se usa para distinguir a los usuarios.<\/td>\n<\/tr>\n<tr>\n<td width=\"113\">_gat<\/td>\n<td width=\"132\">1\u00a0minuto<\/td>\n<td width=\"397\">Se usa para limitar el porcentaje de solicitudes. Si se ha implementado Google Analytics mediante Google Tag\u00a0Manager, esta cookie se llamar\u00e1\u00a0_dc_gtm_&lt;property-id&gt;.<\/td>\n<\/tr>\n<tr>\n<td width=\"113\">_gac_&lt;property-id&gt;<\/td>\n<td width=\"132\">90\u00a0d\u00edas<\/td>\n<td width=\"397\">Incluye informaci\u00f3n de la campa\u00f1a relativa al usuario. Si has vinculado tus cuentas de Google Analytics y Google\u00a0Ads, las etiquetas de conversi\u00f3n en sitio web de Google\u00a0Ads leer\u00e1n esta cookie, a menos que la inhabilites.<br \/>\n<a href=\"https:\/\/support.google.com\/google-ads\/answer\/7521212?hl=es\">M\u00e1s informaci\u00f3n<\/a><\/td>\n<\/tr>\n<tr>\n<td width=\"113\">__utma<\/td>\n<td width=\"132\">2\u00a0a\u00f1os a partir de la configuraci\u00f3n o actualizaci\u00f3n<\/td>\n<td width=\"397\">Se usa para distinguir usuarios y sesiones. La cookie se crea cuando se ejecuta la biblioteca de JavaScript y no hay ninguna cookie __utma. La cookie se actualiza cada vez que se env\u00edan datos a Google Analytics.<\/td>\n<\/tr>\n<tr>\n<td width=\"113\">__utmt<\/td>\n<td width=\"132\">10\u00a0minutos<\/td>\n<td width=\"397\">Se usa para limitar el porcentaje de solicitudes.<\/td>\n<\/tr>\n<tr>\n<td width=\"113\">__utmb<\/td>\n<td width=\"132\">30\u00a0minutos a partir de la configuraci\u00f3n o actualizaci\u00f3n<\/td>\n<td width=\"397\">Se usa para determinar nuevas sesiones o visitas. La cookie se crea cuando se ejecuta la biblioteca de JavaScript y no hay ninguna cookie __utmb. La cookie se actualiza cada vez que se env\u00edan datos a Google Analytics.<\/td>\n<\/tr>\n<tr>\n<td width=\"113\">__utmc<\/td>\n<td width=\"132\">Fin de la sesi\u00f3n del navegador<\/td>\n<td width=\"397\">No se usa en ga.js. Se configura para interactuar con urchin.js. Anteriormente, esta cookie actuaba junto con la cookie\u00a0__utmb\u00a0para determinar si el usuario estaba en una nueva sesi\u00f3n o visita.<\/td>\n<\/tr>\n<tr>\n<td width=\"113\">__utmz<\/td>\n<td width=\"132\">6\u00a0meses a partir de la configuraci\u00f3n o actualizaci\u00f3n<\/td>\n<td width=\"397\">Almacena la fuente de tr\u00e1fico o la campa\u00f1a que explica c\u00f3mo ha llegado el usuario al sitio web. La cookie se crea cuando se ejecuta la biblioteca de JavaScript y se actualiza cada vez que se env\u00edan datos a Google Analytics.<\/td>\n<\/tr>\n<tr>\n<td width=\"113\">__utmv<\/td>\n<td width=\"132\">2\u00a0a\u00f1os a partir de la configuraci\u00f3n o actualizaci\u00f3n<\/td>\n<td width=\"397\">Se usa para almacenar datos de variables personalizadas a nivel de visitante. Esta cookie se crea cuando un programador usa el m\u00e9todo\u00a0<a href=\"https:\/\/developers.google.com\/analytics\/devguides\/collection\/gajs\/methods\/gaJSApiBasicConfiguration?hl=es#_gat.GA_Tracker_._setCustomVar\">_setCustomVar<\/a>\u00a0con una variable personalizada a nivel de visitante. Tambi\u00e9n se usaba para el m\u00e9todo\u00a0_setVar, que ya no est\u00e1 disponible. La cookie se actualiza cada vez que se env\u00edan datos a Google Analytics.<\/td>\n<\/tr>\n<\/tbody>\n<\/table>\n<p>&nbsp;<\/p>\n<p>&nbsp;<\/p>\n<p>&nbsp;<\/p>\n<p>El tiempo de conservaci\u00f3n de las cookies depender\u00e1 del tipo de que se trate y siempre ser\u00e1 el m\u00ednimo indispensable para cumplir su finalidad.<\/p>\n<p>&nbsp;<\/p>\n<p>En cualquier caso, los usuarios pueden configurar su navegador, de manera que se deshabilite o bloquee la recepci\u00f3n de todas o algunas de las cookies. El hecho de no desear recibir estas cookies no constituye un impedimento para poder acceder a la informaci\u00f3n de los sitios web de la entidad aunque el uso de algunos servicios podr\u00e1 ser limitado. Si una vez otorgado el consentimiento para la recepci\u00f3n de cookies, se desease retirar \u00e9ste, se deber\u00e1n eliminar aquellas almacenadas en el equipo del usuario, a trav\u00e9s de las opciones de los diferentes navegadores.<\/p>\n<p>&nbsp;<\/p>\n<p>La forma de configurar los diferentes navegadores para ejercitar las acciones se\u00f1aladas en los p\u00e1rrafos anteriores se puede consultar en:<\/p>\n<p>* Explorer: http:\/\/windows.microsoft.com\/es-es\/windows7\/how-to-manage-cookies-in-internet-explorer-9<\/p>\n<p>* Chrome: https:\/\/support.google.com\/chrome\/answer\/95647?hl=es<\/p>\n<p>* Firefox: http:\/\/support.mozilla.org\/es\/kb\/cookies-informacion-que-los-sitios-web-guardan-en-?redirectlocale=en-US&amp;redirectslug=Cookies<\/p>\n<p>&nbsp;<\/p>\n<div class=\"cli_user_consent_state\">Tu estado actual: No se ha dado el consentimiento. <a class=\"cli_manage_current_consent\" style=\"cursor:pointer;text-decoration:underline;\">Gestiona tu consentimiento.<\/a> <\/div><\/p>","protected":false},"excerpt":{"rendered":"<p>PALOMA ARROYO BELLOSTAS (FLORISTERIA ARROYO) , a trav\u00e9s del presente documento, recoge su Pol\u00edtica de recogida y tratamiento de cookies, en cumplimiento de lo dispuesto en el art\u00edculo 22.2 de la Ley 34\/2002, de 11 de julio, de Servicios de la Sociedad de la Informaci\u00f3n y de Comercio Electr\u00f3nico (LSSICE). &nbsp; Las cookies se almacenan [&hellip;]<\/p>\n","protected":false},"author":44,"featured_media":0,"parent":0,"menu_order":0,"comment_status":"closed","ping_status":"closed","template":"","meta":{"spay_email":"","_joinchat":[]},"yoast_head":"<!-- This site is optimized with the Yoast SEO plugin v19.0 - https:\/\/yoast.com\/wordpress\/plugins\/seo\/ -->\n<title>Pol\u00edtica de cookies - ARROYO FLORISTERIA LLEIDA FLORES CEREMONIAS EVENTOS PLANTAS ROSAS SANT JORDI SANT VALENTIN NACIMIENTOS PELUCHES PELUIX CORONAS FUNERARIAS JARRONES CORONAS FUNERARIAS COMPLEMENTOS ONLINE AVINGUDA BALMES OFERTA SEMANAL FACEBOOK ROSAS ORQUIDEAS RAMOS CENTROS TENDENCIAS FLORALES BODAS RAMO DE NOVIAS DIA DE LA MADRE MARE<\/title>\n<meta name=\"robots\" content=\"index, follow, max-snippet:-1, max-image-preview:large, max-video-preview:-1\" \/>\n<link rel=\"canonical\" href=\"https:\/\/arroyofloristeria.com\/politica-de-cookies\/\" \/>\n<meta property=\"og:locale\" content=\"es_ES\" \/>\n<meta property=\"og:type\" content=\"article\" \/>\n<meta property=\"og:title\" content=\"Pol\u00edtica de cookies - ARROYO FLORISTERIA LLEIDA FLORES CEREMONIAS EVENTOS PLANTAS ROSAS SANT JORDI SANT VALENTIN NACIMIENTOS PELUCHES PELUIX CORONAS FUNERARIAS JARRONES CORONAS FUNERARIAS COMPLEMENTOS ONLINE AVINGUDA BALMES OFERTA SEMANAL FACEBOOK ROSAS ORQUIDEAS RAMOS CENTROS TENDENCIAS FLORALES BODAS RAMO DE NOVIAS DIA DE LA MADRE MARE\" \/>\n<meta property=\"og:description\" content=\"PALOMA ARROYO BELLOSTAS (FLORISTERIA ARROYO) , a trav\u00e9s del presente documento, recoge su Pol\u00edtica de recogida y tratamiento de cookies, en cumplimiento de lo dispuesto en el art\u00edculo 22.2 de la Ley 34\/2002, de 11 de julio, de Servicios de la Sociedad de la Informaci\u00f3n y de Comercio Electr\u00f3nico (LSSICE). &nbsp; Las cookies se almacenan [&hellip;]\" \/>\n<meta property=\"og:url\" content=\"https:\/\/arroyofloristeria.com\/politica-de-cookies\/\" \/>\n<meta property=\"og:site_name\" content=\"ARROYO FLORISTERIA LLEIDA FLORES CEREMONIAS EVENTOS PLANTAS ROSAS SANT JORDI SANT VALENTIN NACIMIENTOS PELUCHES PELUIX CORONAS FUNERARIAS JARRONES CORONAS FUNERARIAS COMPLEMENTOS ONLINE AVINGUDA BALMES OFERTA SEMANAL FACEBOOK ROSAS ORQUIDEAS RAMOS CENTROS TENDENCIAS FLORALES BODAS RAMO DE NOVIAS DIA DE LA MADRE MARE\" \/>\n<meta property=\"article:publisher\" content=\"https:\/\/www.facebook.com\/floristeriaArroyoLleida\/\" \/>\n<meta property=\"article:modified_time\" content=\"2023-04-03T06:58:23+00:00\" \/>\n<meta name=\"twitter:card\" content=\"summary_large_image\" \/>\n<meta name=\"twitter:label1\" content=\"Tiempo de lectura\" \/>\n\t<meta name=\"twitter:data1\" content=\"5 minutos\" \/>\n<script type=\"application\/ld+json\" class=\"yoast-schema-graph\">{\"@context\":\"https:\/\/schema.org\",\"@graph\":[{\"@type\":\"WebSite\",\"@id\":\"https:\/\/arroyofloristeria.com\/es\/#website\",\"url\":\"https:\/\/arroyofloristeria.com\/es\/\",\"name\":\"ARROYO FLORISTERIA LLEIDA FLORES CEREMONIAS EVENTOS PLANTAS ROSAS SANT JORDI SANT VALENTIN NACIMIENTOS PELUCHES PELUIX CORONAS FUNERARIAS JARRONES CORONAS FUNERARIAS COMPLEMENTOS ONLINE AVINGUDA BALMES OFERTA SEMANAL FACEBOOK ROSAS ORQUIDEAS RAMOS CENTROS TENDENCIAS FLORALES BODAS RAMO DE NOVIAS DIA DE LA MADRE MARE\",\"description\":\"ARROYO FLORISTERIA LLEIDA FLORES CEREMONIAS EVENTOS PLANTAS ROSAS SANT JORDI SANT VALENTIN NACIMIENTOS PELUCHES PELUIX CORONAS FUNERARIAS JARRONES CORONAS FUNERARIAS COMPLEMENTOS ONLINE AVINGUDA BALMES OFERTA SEMANAL FACEBOOK ROSAS ORQUIDEAS RAMOS CENTROS TENDENCIAS FLORALES BODAS RAMO DE NOVIAS DIA DE LA MADRE MARE\",\"potentialAction\":[{\"@type\":\"SearchAction\",\"target\":{\"@type\":\"EntryPoint\",\"urlTemplate\":\"https:\/\/arroyofloristeria.com\/es\/?s={search_term_string}\"},\"query-input\":\"required name=search_term_string\"}],\"inLanguage\":\"es\"},{\"@type\":\"WebPage\",\"@id\":\"https:\/\/arroyofloristeria.com\/politica-de-cookies\/#webpage\",\"url\":\"https:\/\/arroyofloristeria.com\/politica-de-cookies\/\",\"name\":\"Pol\u00edtica de cookies - ARROYO FLORISTERIA LLEIDA FLORES CEREMONIAS EVENTOS PLANTAS ROSAS SANT JORDI SANT VALENTIN NACIMIENTOS PELUCHES PELUIX CORONAS FUNERARIAS JARRONES CORONAS FUNERARIAS COMPLEMENTOS ONLINE AVINGUDA BALMES OFERTA SEMANAL FACEBOOK ROSAS ORQUIDEAS RAMOS CENTROS TENDENCIAS FLORALES BODAS RAMO DE NOVIAS DIA DE LA MADRE MARE\",\"isPartOf\":{\"@id\":\"https:\/\/arroyofloristeria.com\/es\/#website\"},\"datePublished\":\"2020-02-07T12:27:43+00:00\",\"dateModified\":\"2023-04-03T06:58:23+00:00\",\"breadcrumb\":{\"@id\":\"https:\/\/arroyofloristeria.com\/politica-de-cookies\/#breadcrumb\"},\"inLanguage\":\"es\",\"potentialAction\":[{\"@type\":\"ReadAction\",\"target\":[\"https:\/\/arroyofloristeria.com\/politica-de-cookies\/\"]}]},{\"@type\":\"BreadcrumbList\",\"@id\":\"https:\/\/arroyofloristeria.com\/politica-de-cookies\/#breadcrumb\",\"itemListElement\":[{\"@type\":\"ListItem\",\"position\":1,\"name\":\"Portada\",\"item\":\"https:\/\/arroyofloristeria.com\/\"},{\"@type\":\"ListItem\",\"position\":2,\"name\":\"Pol\u00edtica de cookies\"}]}]}<\/script>\n<!-- \/ Yoast SEO plugin. -->","yoast_head_json":{"title":"Pol\u00edtica de cookies - ARROYO FLORISTERIA LLEIDA FLORES CEREMONIAS EVENTOS PLANTAS ROSAS SANT JORDI SANT VALENTIN NACIMIENTOS PELUCHES PELUIX CORONAS FUNERARIAS JARRONES CORONAS FUNERARIAS COMPLEMENTOS ONLINE AVINGUDA BALMES OFERTA SEMANAL FACEBOOK ROSAS ORQUIDEAS RAMOS CENTROS TENDENCIAS FLORALES BODAS RAMO DE NOVIAS DIA DE LA MADRE MARE","robots":{"index":"index","follow":"follow","max-snippet":"max-snippet:-1","max-image-preview":"max-image-preview:large","max-video-preview":"max-video-preview:-1"},"canonical":"https:\/\/arroyofloristeria.com\/politica-de-cookies\/","og_locale":"es_ES","og_type":"article","og_title":"Pol\u00edtica de cookies - ARROYO FLORISTERIA LLEIDA FLORES CEREMONIAS EVENTOS PLANTAS ROSAS SANT JORDI SANT VALENTIN NACIMIENTOS PELUCHES PELUIX CORONAS FUNERARIAS JARRONES CORONAS FUNERARIAS COMPLEMENTOS ONLINE AVINGUDA BALMES OFERTA SEMANAL FACEBOOK ROSAS ORQUIDEAS RAMOS CENTROS TENDENCIAS FLORALES BODAS RAMO DE NOVIAS DIA DE LA MADRE MARE","og_description":"PALOMA ARROYO BELLOSTAS (FLORISTERIA ARROYO) , a trav\u00e9s del presente documento, recoge su Pol\u00edtica de recogida y tratamiento de cookies, en cumplimiento de lo dispuesto en el art\u00edculo 22.2 de la Ley 34\/2002, de 11 de julio, de Servicios de la Sociedad de la Informaci\u00f3n y de Comercio Electr\u00f3nico (LSSICE). &nbsp; Las cookies se almacenan [&hellip;]","og_url":"https:\/\/arroyofloristeria.com\/politica-de-cookies\/","og_site_name":"ARROYO FLORISTERIA LLEIDA FLORES CEREMONIAS EVENTOS PLANTAS ROSAS SANT JORDI SANT VALENTIN NACIMIENTOS PELUCHES PELUIX CORONAS FUNERARIAS JARRONES CORONAS FUNERARIAS COMPLEMENTOS ONLINE AVINGUDA BALMES OFERTA SEMANAL FACEBOOK ROSAS ORQUIDEAS RAMOS CENTROS TENDENCIAS FLORALES BODAS RAMO DE NOVIAS DIA DE LA MADRE MARE","article_publisher":"https:\/\/www.facebook.com\/floristeriaArroyoLleida\/","article_modified_time":"2023-04-03T06:58:23+00:00","twitter_card":"summary_large_image","twitter_misc":{"Tiempo de lectura":"5 minutos"},"schema":{"@context":"https:\/\/schema.org","@graph":[{"@type":"WebSite","@id":"https:\/\/arroyofloristeria.com\/es\/#website","url":"https:\/\/arroyofloristeria.com\/es\/","name":"ARROYO FLORISTERIA LLEIDA FLORES CEREMONIAS EVENTOS PLANTAS ROSAS SANT JORDI SANT VALENTIN NACIMIENTOS PELUCHES PELUIX CORONAS FUNERARIAS JARRONES CORONAS FUNERARIAS COMPLEMENTOS ONLINE AVINGUDA BALMES OFERTA SEMANAL FACEBOOK ROSAS ORQUIDEAS RAMOS CENTROS TENDENCIAS FLORALES BODAS RAMO DE NOVIAS DIA DE LA MADRE MARE","description":"ARROYO FLORISTERIA LLEIDA FLORES CEREMONIAS EVENTOS PLANTAS ROSAS SANT JORDI SANT VALENTIN NACIMIENTOS PELUCHES PELUIX CORONAS FUNERARIAS JARRONES CORONAS FUNERARIAS COMPLEMENTOS ONLINE AVINGUDA BALMES OFERTA SEMANAL FACEBOOK ROSAS ORQUIDEAS RAMOS CENTROS TENDENCIAS FLORALES BODAS RAMO DE NOVIAS DIA DE LA MADRE MARE","potentialAction":[{"@type":"SearchAction","target":{"@type":"EntryPoint","urlTemplate":"https:\/\/arroyofloristeria.com\/es\/?s={search_term_string}"},"query-input":"required name=search_term_string"}],"inLanguage":"es"},{"@type":"WebPage","@id":"https:\/\/arroyofloristeria.com\/politica-de-cookies\/#webpage","url":"https:\/\/arroyofloristeria.com\/politica-de-cookies\/","name":"Pol\u00edtica de cookies - ARROYO FLORISTERIA LLEIDA FLORES CEREMONIAS EVENTOS PLANTAS ROSAS SANT JORDI SANT VALENTIN NACIMIENTOS PELUCHES PELUIX CORONAS FUNERARIAS JARRONES CORONAS FUNERARIAS COMPLEMENTOS ONLINE AVINGUDA BALMES OFERTA SEMANAL FACEBOOK ROSAS ORQUIDEAS RAMOS CENTROS TENDENCIAS FLORALES BODAS RAMO DE NOVIAS DIA DE LA MADRE MARE","isPartOf":{"@id":"https:\/\/arroyofloristeria.com\/es\/#website"},"datePublished":"2020-02-07T12:27:43+00:00","dateModified":"2023-04-03T06:58:23+00:00","breadcrumb":{"@id":"https:\/\/arroyofloristeria.com\/politica-de-cookies\/#breadcrumb"},"inLanguage":"es","potentialAction":[{"@type":"ReadAction","target":["https:\/\/arroyofloristeria.com\/politica-de-cookies\/"]}]},{"@type":"BreadcrumbList","@id":"https:\/\/arroyofloristeria.com\/politica-de-cookies\/#breadcrumb","itemListElement":[{"@type":"ListItem","position":1,"name":"Portada","item":"https:\/\/arroyofloristeria.com\/"},{"@type":"ListItem","position":2,"name":"Pol\u00edtica de cookies"}]}]}},"_links":{"self":[{"href":"https:\/\/arroyofloristeria.com\/es\/wp-json\/wp\/v2\/pages\/3197"}],"collection":[{"href":"https:\/\/arroyofloristeria.com\/es\/wp-json\/wp\/v2\/pages"}],"about":[{"href":"https:\/\/arroyofloristeria.com\/es\/wp-json\/wp\/v2\/types\/page"}],"author":[{"embeddable":true,"href":"https:\/\/arroyofloristeria.com\/es\/wp-json\/wp\/v2\/users\/44"}],"replies":[{"embeddable":true,"href":"https:\/\/arroyofloristeria.com\/es\/wp-json\/wp\/v2\/comments?post=3197"}],"version-history":[{"count":5,"href":"https:\/\/arroyofloristeria.com\/es\/wp-json\/wp\/v2\/pages\/3197\/revisions"}],"predecessor-version":[{"id":4651,"href":"https:\/\/arroyofloristeria.com\/es\/wp-json\/wp\/v2\/pages\/3197\/revisions\/4651"}],"wp:attachment":[{"href":"https:\/\/arroyofloristeria.com\/es\/wp-json\/wp\/v2\/media?parent=3197"}],"curies":[{"name":"wp","href":"https:\/\/api.w.org\/{rel}","templated":true}]}}