{"id":5391,"date":"2025-01-31T08:43:02","date_gmt":"2025-01-31T07:43:02","guid":{"rendered":"https:\/\/arroyofloristeria.com\/?post_type=product&#038;p=5391"},"modified":"2026-02-17T10:09:12","modified_gmt":"2026-02-17T09:09:12","slug":"rosas-en-ramo","status":"publish","type":"product","link":"https:\/\/arroyofloristeria.com\/ca\/producte\/rosas-en-ramo\/","title":{"rendered":"Roses en ram"},"content":{"rendered":"","protected":false},"excerpt":{"rendered":"<p>En aquesta foto veus la bellesa d&#8217;una rosa&#8230; saps com n&#8217;\u00e9s de bonic un ram de roses?<\/p>\n<p>de sis, de dotze, etc&#8230; i la il\u00b7lusi\u00f3 que fa a la persona que el rep? aix\u00f2 sens dubte \u00e9s el millor!<\/p>\n","protected":false},"featured_media":5361,"template":"","meta":{"spay_email":"","_joinchat":[]},"product_cat":[20,88],"product_tag":[],"yoast_head":"<!-- This site is optimized with the Yoast SEO plugin v19.0 - https:\/\/yoast.com\/wordpress\/plugins\/seo\/ -->\n<title>Roses en ram - ARROYO FLORISTERIA LLEIDA FLORES CEREMONIAS EVENTOS PLANTAS ROSAS SANT JORDI SANT VALENTIN NACIMIENTOS PELUCHES PELUIX CORONAS FUNERARIAS JARRONES CORONES FUNERARIES COMPLEMENTOS ONLINE AVINGUDA BALMES OFERTA SEMANAL FACEBOOK ROSAS ORQUIDIAS RAMOS CENTROS TENDENCIAS FLORALES BODAS RAMO DE NOVIAS DIA DE LA MADRE MARE<\/title>\n<meta name=\"robots\" content=\"index, follow, max-snippet:-1, max-image-preview:large, max-video-preview:-1\" \/>\n<link rel=\"canonical\" href=\"https:\/\/arroyofloristeria.com\/producte\/rosas-en-ramo\/\" \/>\n<meta property=\"og:locale\" content=\"ca_ES\" \/>\n<meta property=\"og:type\" content=\"article\" \/>\n<meta property=\"og:title\" content=\"Roses en ram - ARROYO FLORISTERIA LLEIDA FLORES CEREMONIAS EVENTOS PLANTAS ROSAS SANT JORDI SANT VALENTIN NACIMIENTOS PELUCHES PELUIX CORONAS FUNERARIAS JARRONES CORONES FUNERARIES COMPLEMENTOS ONLINE AVINGUDA BALMES OFERTA SEMANAL FACEBOOK ROSAS ORQUIDIAS RAMOS CENTROS TENDENCIAS FLORALES BODAS RAMO DE NOVIAS DIA DE LA MADRE MARE\" \/>\n<meta property=\"og:description\" content=\"[:ca]En aquesta foto veus la bellesa d&#039;una rosa... saps com n&#039;\u00e9s de bonic un ram de roses?  de sis, de dotze, etc... i la il\u00b7lusi\u00f3 que fa a la persona que el rep? aix\u00f2 sens dubte \u00e9s el millor![:es]En esta foto ves la belleza de una rosa...\u00bfsabes lo bonito que queda un ramo de rosas?  de seis , de doce, etc... \u00bfy la ilusi\u00f3n que le hace a la persona que lo recibe ? eso sin duda es lo mejor![:]\" \/>\n<meta property=\"og:url\" content=\"https:\/\/arroyofloristeria.com\/producte\/rosas-en-ramo\/\" \/>\n<meta property=\"og:site_name\" content=\"ARROYO FLORISTERIA LLEIDA FLORES CEREMONIAS EVENTOS PLANTAS ROSAS SANT JORDI SANT VALENTIN NACIMIENTOS PELUCHES PELUIX CORONAS FUNERARIAS JARRONES CORONES FUNERARIES COMPLEMENTOS ONLINE AVINGUDA BALMES OFERTA SEMANAL FACEBOOK ROSAS ORQUIDIAS RAMOS CENTROS TENDENCIAS FLORALES BODAS RAMO DE NOVIAS DIA DE LA MADRE MARE\" \/>\n<meta property=\"article:publisher\" content=\"https:\/\/www.facebook.com\/floristeriaArroyoLleida\/\" \/>\n<meta property=\"article:modified_time\" content=\"2026-02-17T09:09:12+00:00\" \/>\n<meta property=\"og:image\" content=\"https:\/\/arroyofloristeria.com\/wp-content\/uploads\/2025\/01\/arroyo-floristeria-202501-4-rosas-10.jpg\" \/>\n\t<meta property=\"og:image:width\" content=\"1067\" \/>\n\t<meta property=\"og:image:height\" content=\"1600\" \/>\n\t<meta property=\"og:image:type\" content=\"image\/jpeg\" \/>\n<meta name=\"twitter:card\" content=\"summary_large_image\" \/>\n<script type=\"application\/ld+json\" class=\"yoast-schema-graph\">{\"@context\":\"https:\/\/schema.org\",\"@graph\":[{\"@type\":\"WebSite\",\"@id\":\"https:\/\/arroyofloristeria.com\/es\/#website\",\"url\":\"https:\/\/arroyofloristeria.com\/es\/\",\"name\":\"ARROYO FLORISTERIA LLEIDA FLORES CEREMONIAS EVENTOS PLANTAS ROSAS SANT JORDI SANT VALENTIN NACIMIENTOS PELUCHES PELUIX CORONAS FUNERARIAS JARRONES CORONES FUNERARIES COMPLEMENTOS ONLINE AVINGUDA BALMES OFERTA SEMANAL FACEBOOK ROSAS ORQUIDIAS RAMOS CENTROS TENDENCIAS FLORALES BODAS RAMO DE NOVIAS DIA DE LA MADRE MARE\",\"description\":\"ARROYO FLORISTERIA LLEIDA FLORES CEREMONIAS EVENTOS PLANTAS ROSAS SANT JORDI SANT VALENTIN NACIMIENTOS PELUCHES PELUIX CORONAS FUNERARIAS JARRONES CORENES FUNERARIES COMPLEMENTOS ONLINE AVINGUDA BALMES OFERTA SEMANAL FACEBOOK ROSAS ORQUIDIAS RAMOS CENTROS TENDENCIAS FLORALES BODAS RAMO DE NOVIAS DIA DE LA MADRE MARE\",\"potentialAction\":[{\"@type\":\"SearchAction\",\"target\":{\"@type\":\"EntryPoint\",\"urlTemplate\":\"https:\/\/arroyofloristeria.com\/es\/?s={search_term_string}\"},\"query-input\":\"required name=search_term_string\"}],\"inLanguage\":\"ca\"},{\"@type\":\"ImageObject\",\"inLanguage\":\"ca\",\"@id\":\"https:\/\/arroyofloristeria.com\/producte\/rosas-en-ramo\/#primaryimage\",\"url\":\"https:\/\/arroyofloristeria.com\/wp-content\/uploads\/2025\/01\/arroyo-floristeria-202501-4-rosas-10.jpg\",\"contentUrl\":\"https:\/\/arroyofloristeria.com\/wp-content\/uploads\/2025\/01\/arroyo-floristeria-202501-4-rosas-10.jpg\",\"width\":1067,\"height\":1600},{\"@type\":\"WebPage\",\"@id\":\"https:\/\/arroyofloristeria.com\/producte\/rosas-en-ramo\/#webpage\",\"url\":\"https:\/\/arroyofloristeria.com\/producte\/rosas-en-ramo\/\",\"name\":\"Roses en ram - ARROYO FLORISTERIA LLEIDA FLORES CEREMONIAS EVENTOS PLANTAS ROSAS SANT JORDI SANT VALENTIN NACIMIENTOS PELUCHES PELUIX CORONAS FUNERARIAS JARRONES CORONES FUNERARIES COMPLEMENTOS ONLINE AVINGUDA BALMES OFERTA SEMANAL FACEBOOK ROSAS ORQUIDIAS RAMOS CENTROS TENDENCIAS FLORALES BODAS RAMO DE NOVIAS DIA DE LA MADRE MARE\",\"isPartOf\":{\"@id\":\"https:\/\/arroyofloristeria.com\/es\/#website\"},\"primaryImageOfPage\":{\"@id\":\"https:\/\/arroyofloristeria.com\/producte\/rosas-en-ramo\/#primaryimage\"},\"datePublished\":\"2025-01-31T07:43:02+00:00\",\"dateModified\":\"2026-02-17T09:09:12+00:00\",\"breadcrumb\":{\"@id\":\"https:\/\/arroyofloristeria.com\/producte\/rosas-en-ramo\/#breadcrumb\"},\"inLanguage\":\"ca\",\"potentialAction\":[{\"@type\":\"ReadAction\",\"target\":[\"https:\/\/arroyofloristeria.com\/producte\/rosas-en-ramo\/\"]}]},{\"@type\":\"BreadcrumbList\",\"@id\":\"https:\/\/arroyofloristeria.com\/producte\/rosas-en-ramo\/#breadcrumb\",\"itemListElement\":[{\"@type\":\"ListItem\",\"position\":1,\"name\":\"Portada\",\"item\":\"https:\/\/arroyofloristeria.com\/\"},{\"@type\":\"ListItem\",\"position\":2,\"name\":\"Productos\",\"item\":\"https:\/\/arroyofloristeria.com\/es\/productes\/\"},{\"@type\":\"ListItem\",\"position\":3,\"name\":\"Rosas en ramo\"}]}]}<\/script>\n<!-- \/ Yoast SEO plugin. -->","yoast_head_json":{"title":"Roses en ram - ARROYO FLORISTERIA LLEIDA FLORES CEREMONIAS EVENTOS PLANTAS ROSAS SANT JORDI SANT VALENTIN NACIMIENTOS PELUCHES PELUIX CORONAS FUNERARIAS JARRONES CORONES FUNERARIES COMPLEMENTOS ONLINE AVINGUDA BALMES OFERTA SEMANAL FACEBOOK ROSAS ORQUIDIAS RAMOS CENTROS TENDENCIAS FLORALES BODAS RAMO DE NOVIAS DIA DE LA MADRE MARE","robots":{"index":"index","follow":"follow","max-snippet":"max-snippet:-1","max-image-preview":"max-image-preview:large","max-video-preview":"max-video-preview:-1"},"canonical":"https:\/\/arroyofloristeria.com\/producte\/rosas-en-ramo\/","og_locale":"ca_ES","og_type":"article","og_title":"Roses en ram - ARROYO FLORISTERIA LLEIDA FLORES CEREMONIAS EVENTOS PLANTAS ROSAS SANT JORDI SANT VALENTIN NACIMIENTOS PELUCHES PELUIX CORONAS FUNERARIAS JARRONES CORONES FUNERARIES COMPLEMENTOS ONLINE AVINGUDA BALMES OFERTA SEMANAL FACEBOOK ROSAS ORQUIDIAS RAMOS CENTROS TENDENCIAS FLORALES BODAS RAMO DE NOVIAS DIA DE LA MADRE MARE","og_description":"[:ca]En aquesta foto veus la bellesa d'una rosa... saps com n'\u00e9s de bonic un ram de roses?  de sis, de dotze, etc... i la il\u00b7lusi\u00f3 que fa a la persona que el rep? aix\u00f2 sens dubte \u00e9s el millor![:es]En esta foto ves la belleza de una rosa...\u00bfsabes lo bonito que queda un ramo de rosas?  de seis , de doce, etc... \u00bfy la ilusi\u00f3n que le hace a la persona que lo recibe ? eso sin duda es lo mejor![:]","og_url":"https:\/\/arroyofloristeria.com\/producte\/rosas-en-ramo\/","og_site_name":"ARROYO FLORISTERIA LLEIDA FLORES CEREMONIAS EVENTOS PLANTAS ROSAS SANT JORDI SANT VALENTIN NACIMIENTOS PELUCHES PELUIX CORONAS FUNERARIAS JARRONES CORONES FUNERARIES COMPLEMENTOS ONLINE AVINGUDA BALMES OFERTA SEMANAL FACEBOOK ROSAS ORQUIDIAS RAMOS CENTROS TENDENCIAS FLORALES BODAS RAMO DE NOVIAS DIA DE LA MADRE MARE","article_publisher":"https:\/\/www.facebook.com\/floristeriaArroyoLleida\/","article_modified_time":"2026-02-17T09:09:12+00:00","og_image":[{"width":1067,"height":1600,"url":"https:\/\/arroyofloristeria.com\/wp-content\/uploads\/2025\/01\/arroyo-floristeria-202501-4-rosas-10.jpg","type":"image\/jpeg"}],"twitter_card":"summary_large_image","schema":{"@context":"https:\/\/schema.org","@graph":[{"@type":"WebSite","@id":"https:\/\/arroyofloristeria.com\/es\/#website","url":"https:\/\/arroyofloristeria.com\/es\/","name":"ARROYO FLORISTERIA LLEIDA FLORES CEREMONIAS EVENTOS PLANTAS ROSAS SANT JORDI SANT VALENTIN NACIMIENTOS PELUCHES PELUIX CORONAS FUNERARIAS JARRONES CORONES FUNERARIES COMPLEMENTOS ONLINE AVINGUDA BALMES OFERTA SEMANAL FACEBOOK ROSAS ORQUIDIAS RAMOS CENTROS TENDENCIAS FLORALES BODAS RAMO DE NOVIAS DIA DE LA MADRE MARE","description":"ARROYO FLORISTERIA LLEIDA FLORES CEREMONIAS EVENTOS PLANTAS ROSAS SANT JORDI SANT VALENTIN NACIMIENTOS PELUCHES PELUIX CORONAS FUNERARIAS JARRONES CORENES FUNERARIES COMPLEMENTOS ONLINE AVINGUDA BALMES OFERTA SEMANAL FACEBOOK ROSAS ORQUIDIAS RAMOS CENTROS TENDENCIAS FLORALES BODAS RAMO DE NOVIAS DIA DE LA MADRE MARE","potentialAction":[{"@type":"SearchAction","target":{"@type":"EntryPoint","urlTemplate":"https:\/\/arroyofloristeria.com\/es\/?s={search_term_string}"},"query-input":"required name=search_term_string"}],"inLanguage":"ca"},{"@type":"ImageObject","inLanguage":"ca","@id":"https:\/\/arroyofloristeria.com\/producte\/rosas-en-ramo\/#primaryimage","url":"https:\/\/arroyofloristeria.com\/wp-content\/uploads\/2025\/01\/arroyo-floristeria-202501-4-rosas-10.jpg","contentUrl":"https:\/\/arroyofloristeria.com\/wp-content\/uploads\/2025\/01\/arroyo-floristeria-202501-4-rosas-10.jpg","width":1067,"height":1600},{"@type":"WebPage","@id":"https:\/\/arroyofloristeria.com\/producte\/rosas-en-ramo\/#webpage","url":"https:\/\/arroyofloristeria.com\/producte\/rosas-en-ramo\/","name":"Roses en ram - ARROYO FLORISTERIA LLEIDA FLORES CEREMONIAS EVENTOS PLANTAS ROSAS SANT JORDI SANT VALENTIN NACIMIENTOS PELUCHES PELUIX CORONAS FUNERARIAS JARRONES CORONES FUNERARIES COMPLEMENTOS ONLINE AVINGUDA BALMES OFERTA SEMANAL FACEBOOK ROSAS ORQUIDIAS RAMOS CENTROS TENDENCIAS FLORALES BODAS RAMO DE NOVIAS DIA DE LA MADRE MARE","isPartOf":{"@id":"https:\/\/arroyofloristeria.com\/es\/#website"},"primaryImageOfPage":{"@id":"https:\/\/arroyofloristeria.com\/producte\/rosas-en-ramo\/#primaryimage"},"datePublished":"2025-01-31T07:43:02+00:00","dateModified":"2026-02-17T09:09:12+00:00","breadcrumb":{"@id":"https:\/\/arroyofloristeria.com\/producte\/rosas-en-ramo\/#breadcrumb"},"inLanguage":"ca","potentialAction":[{"@type":"ReadAction","target":["https:\/\/arroyofloristeria.com\/producte\/rosas-en-ramo\/"]}]},{"@type":"BreadcrumbList","@id":"https:\/\/arroyofloristeria.com\/producte\/rosas-en-ramo\/#breadcrumb","itemListElement":[{"@type":"ListItem","position":1,"name":"Portada","item":"https:\/\/arroyofloristeria.com\/"},{"@type":"ListItem","position":2,"name":"Productos","item":"https:\/\/arroyofloristeria.com\/es\/productes\/"},{"@type":"ListItem","position":3,"name":"Rosas en ramo"}]}]}},"_links":{"self":[{"href":"https:\/\/arroyofloristeria.com\/ca\/wp-json\/wp\/v2\/product\/5391"}],"collection":[{"href":"https:\/\/arroyofloristeria.com\/ca\/wp-json\/wp\/v2\/product"}],"about":[{"href":"https:\/\/arroyofloristeria.com\/ca\/wp-json\/wp\/v2\/types\/product"}],"wp:featuredmedia":[{"embeddable":true,"href":"https:\/\/arroyofloristeria.com\/ca\/wp-json\/wp\/v2\/media\/5361"}],"wp:attachment":[{"href":"https:\/\/arroyofloristeria.com\/ca\/wp-json\/wp\/v2\/media?parent=5391"}],"wp:term":[{"taxonomy":"product_cat","embeddable":true,"href":"https:\/\/arroyofloristeria.com\/ca\/wp-json\/wp\/v2\/product_cat?post=5391"},{"taxonomy":"product_tag","embeddable":true,"href":"https:\/\/arroyofloristeria.com\/ca\/wp-json\/wp\/v2\/product_tag?post=5391"}],"curies":[{"name":"wp","href":"https:\/\/api.w.org\/{rel}","templated":true}]}}