{"id":5176,"date":"2024-07-09T08:17:09","date_gmt":"2024-07-09T06:17:09","guid":{"rendered":"https:\/\/arroyofloristeria.com\/?post_type=product&#038;p=5176"},"modified":"2025-03-24T09:12:23","modified_gmt":"2025-03-24T08:12:23","slug":"capazo-primaveral-salmon","status":"publish","type":"product","link":"https:\/\/arroyofloristeria.com\/ca\/producte\/capazo-primaveral-salmon\/","title":{"rendered":"Cab\u00e0s primaveral salm\u00f3"},"content":{"rendered":"","protected":false},"excerpt":{"rendered":"<p>Cab\u00e0s amb gerbera, margarida i lisianthum.<\/p>\n","protected":false},"featured_media":5170,"template":"","meta":{"spay_email":"","_joinchat":[]},"product_cat":[22],"product_tag":[],"yoast_head":"<!-- This site is optimized with the Yoast SEO plugin v19.0 - https:\/\/yoast.com\/wordpress\/plugins\/seo\/ -->\n<title>Cab\u00e0s primaveral salm\u00f3 - ARROYO FLORISTERIA LLEIDA FLORES CEREMONIAS EVENTOS PLANTAS ROSAS SANT JORDI SANT VALENTIN NACIMIENTOS PELUCHES PELUIX CORONAS FUNERARIAS JARRONES CORONES FUNERARIES COMPLEMENTOS ONLINE AVINGUDA BALMES OFERTA SEMANAL FACEBOOK ROSAS ORQUIDIAS RAMOS CENTROS TENDENCIAS FLORALES BODAS RAMO DE NOVIAS DIA DE LA MADRE MARE<\/title>\n<meta name=\"robots\" content=\"index, follow, max-snippet:-1, max-image-preview:large, max-video-preview:-1\" \/>\n<link rel=\"canonical\" href=\"https:\/\/arroyofloristeria.com\/producte\/capazo-primaveral-salmon\/\" \/>\n<meta property=\"og:locale\" content=\"ca_ES\" \/>\n<meta property=\"og:type\" content=\"article\" \/>\n<meta property=\"og:title\" content=\"Cab\u00e0s primaveral salm\u00f3 - ARROYO FLORISTERIA LLEIDA FLORES CEREMONIAS EVENTOS PLANTAS ROSAS SANT JORDI SANT VALENTIN NACIMIENTOS PELUCHES PELUIX CORONAS FUNERARIAS JARRONES CORONES FUNERARIES COMPLEMENTOS ONLINE AVINGUDA BALMES OFERTA SEMANAL FACEBOOK ROSAS ORQUIDIAS RAMOS CENTROS TENDENCIAS FLORALES BODAS RAMO DE NOVIAS DIA DE LA MADRE MARE\" \/>\n<meta property=\"og:description\" content=\"[:ca]Cab\u00e0s amb gerbera, margarida i lisianthum.[:es]Capazo con gerbera, margarita y lisianthum.[:]\" \/>\n<meta property=\"og:url\" content=\"https:\/\/arroyofloristeria.com\/producte\/capazo-primaveral-salmon\/\" \/>\n<meta property=\"og:site_name\" content=\"ARROYO FLORISTERIA LLEIDA FLORES CEREMONIAS EVENTOS PLANTAS ROSAS SANT JORDI SANT VALENTIN NACIMIENTOS PELUCHES PELUIX CORONAS FUNERARIAS JARRONES CORONES FUNERARIES COMPLEMENTOS ONLINE AVINGUDA BALMES OFERTA SEMANAL FACEBOOK ROSAS ORQUIDIAS RAMOS CENTROS TENDENCIAS FLORALES BODAS RAMO DE NOVIAS DIA DE LA MADRE MARE\" \/>\n<meta property=\"article:publisher\" content=\"https:\/\/www.facebook.com\/floristeriaArroyoLleida\/\" \/>\n<meta property=\"article:modified_time\" content=\"2025-03-24T08:12:23+00:00\" \/>\n<meta property=\"og:image\" content=\"https:\/\/arroyofloristeria.com\/wp-content\/uploads\/2024\/07\/capazo-primaveral-salmon.jpg\" \/>\n\t<meta property=\"og:image:width\" content=\"1280\" \/>\n\t<meta property=\"og:image:height\" content=\"1280\" \/>\n\t<meta property=\"og:image:type\" content=\"image\/jpeg\" \/>\n<meta name=\"twitter:card\" content=\"summary_large_image\" \/>\n<script type=\"application\/ld+json\" class=\"yoast-schema-graph\">{\"@context\":\"https:\/\/schema.org\",\"@graph\":[{\"@type\":\"WebSite\",\"@id\":\"https:\/\/arroyofloristeria.com\/es\/#website\",\"url\":\"https:\/\/arroyofloristeria.com\/es\/\",\"name\":\"ARROYO FLORISTERIA LLEIDA FLORES CEREMONIAS EVENTOS PLANTAS ROSAS SANT JORDI SANT VALENTIN NACIMIENTOS PELUCHES PELUIX CORONAS FUNERARIAS JARRONES CORONES FUNERARIES COMPLEMENTOS ONLINE AVINGUDA BALMES OFERTA SEMANAL FACEBOOK ROSAS ORQUIDIAS RAMOS CENTROS TENDENCIAS FLORALES BODAS RAMO DE NOVIAS DIA DE LA MADRE MARE\",\"description\":\"ARROYO FLORISTERIA LLEIDA FLORES CEREMONIAS EVENTOS PLANTAS ROSAS SANT JORDI SANT VALENTIN NACIMIENTOS PELUCHES PELUIX CORONAS FUNERARIAS JARRONES CORENES FUNERARIES COMPLEMENTOS ONLINE AVINGUDA BALMES OFERTA SEMANAL FACEBOOK ROSAS ORQUIDIAS RAMOS CENTROS TENDENCIAS FLORALES BODAS RAMO DE NOVIAS DIA DE LA MADRE MARE\",\"potentialAction\":[{\"@type\":\"SearchAction\",\"target\":{\"@type\":\"EntryPoint\",\"urlTemplate\":\"https:\/\/arroyofloristeria.com\/es\/?s={search_term_string}\"},\"query-input\":\"required name=search_term_string\"}],\"inLanguage\":\"ca\"},{\"@type\":\"ImageObject\",\"inLanguage\":\"ca\",\"@id\":\"https:\/\/arroyofloristeria.com\/producte\/capazo-primaveral-salmon\/#primaryimage\",\"url\":\"https:\/\/arroyofloristeria.com\/wp-content\/uploads\/2024\/07\/capazo-primaveral-salmon.jpg\",\"contentUrl\":\"https:\/\/arroyofloristeria.com\/wp-content\/uploads\/2024\/07\/capazo-primaveral-salmon.jpg\",\"width\":1280,\"height\":1280},{\"@type\":\"WebPage\",\"@id\":\"https:\/\/arroyofloristeria.com\/producte\/capazo-primaveral-salmon\/#webpage\",\"url\":\"https:\/\/arroyofloristeria.com\/producte\/capazo-primaveral-salmon\/\",\"name\":\"Cab\u00e0s primaveral salm\u00f3 - ARROYO FLORISTERIA LLEIDA FLORES CEREMONIAS EVENTOS PLANTAS ROSAS SANT JORDI SANT VALENTIN NACIMIENTOS PELUCHES PELUIX CORONAS FUNERARIAS JARRONES CORONES FUNERARIES COMPLEMENTOS ONLINE AVINGUDA BALMES OFERTA SEMANAL FACEBOOK ROSAS ORQUIDIAS RAMOS CENTROS TENDENCIAS FLORALES BODAS RAMO DE NOVIAS DIA DE LA MADRE MARE\",\"isPartOf\":{\"@id\":\"https:\/\/arroyofloristeria.com\/es\/#website\"},\"primaryImageOfPage\":{\"@id\":\"https:\/\/arroyofloristeria.com\/producte\/capazo-primaveral-salmon\/#primaryimage\"},\"datePublished\":\"2024-07-09T06:17:09+00:00\",\"dateModified\":\"2025-03-24T08:12:23+00:00\",\"breadcrumb\":{\"@id\":\"https:\/\/arroyofloristeria.com\/producte\/capazo-primaveral-salmon\/#breadcrumb\"},\"inLanguage\":\"ca\",\"potentialAction\":[{\"@type\":\"ReadAction\",\"target\":[\"https:\/\/arroyofloristeria.com\/producte\/capazo-primaveral-salmon\/\"]}]},{\"@type\":\"BreadcrumbList\",\"@id\":\"https:\/\/arroyofloristeria.com\/producte\/capazo-primaveral-salmon\/#breadcrumb\",\"itemListElement\":[{\"@type\":\"ListItem\",\"position\":1,\"name\":\"Portada\",\"item\":\"https:\/\/arroyofloristeria.com\/\"},{\"@type\":\"ListItem\",\"position\":2,\"name\":\"Productos\",\"item\":\"https:\/\/arroyofloristeria.com\/es\/productes\/\"},{\"@type\":\"ListItem\",\"position\":3,\"name\":\"[:ca]Cab\u00e0s primaveral salm\u00f3[:es]Capazo primaveral salm\u00f3n[:]\"}]}]}<\/script>\n<!-- \/ Yoast SEO plugin. -->","yoast_head_json":{"title":"Cab\u00e0s primaveral salm\u00f3 - ARROYO FLORISTERIA LLEIDA FLORES CEREMONIAS EVENTOS PLANTAS ROSAS SANT JORDI SANT VALENTIN NACIMIENTOS PELUCHES PELUIX CORONAS FUNERARIAS JARRONES CORONES FUNERARIES COMPLEMENTOS ONLINE AVINGUDA BALMES OFERTA SEMANAL FACEBOOK ROSAS ORQUIDIAS RAMOS CENTROS TENDENCIAS FLORALES BODAS RAMO DE NOVIAS DIA DE LA MADRE MARE","robots":{"index":"index","follow":"follow","max-snippet":"max-snippet:-1","max-image-preview":"max-image-preview:large","max-video-preview":"max-video-preview:-1"},"canonical":"https:\/\/arroyofloristeria.com\/producte\/capazo-primaveral-salmon\/","og_locale":"ca_ES","og_type":"article","og_title":"Cab\u00e0s primaveral salm\u00f3 - ARROYO FLORISTERIA LLEIDA FLORES CEREMONIAS EVENTOS PLANTAS ROSAS SANT JORDI SANT VALENTIN NACIMIENTOS PELUCHES PELUIX CORONAS FUNERARIAS JARRONES CORONES FUNERARIES COMPLEMENTOS ONLINE AVINGUDA BALMES OFERTA SEMANAL FACEBOOK ROSAS ORQUIDIAS RAMOS CENTROS TENDENCIAS FLORALES BODAS RAMO DE NOVIAS DIA DE LA MADRE MARE","og_description":"[:ca]Cab\u00e0s amb gerbera, margarida i lisianthum.[:es]Capazo con gerbera, margarita y lisianthum.[:]","og_url":"https:\/\/arroyofloristeria.com\/producte\/capazo-primaveral-salmon\/","og_site_name":"ARROYO FLORISTERIA LLEIDA FLORES CEREMONIAS EVENTOS PLANTAS ROSAS SANT JORDI SANT VALENTIN NACIMIENTOS PELUCHES PELUIX CORONAS FUNERARIAS JARRONES CORONES FUNERARIES COMPLEMENTOS ONLINE AVINGUDA BALMES OFERTA SEMANAL FACEBOOK ROSAS ORQUIDIAS RAMOS CENTROS TENDENCIAS FLORALES BODAS RAMO DE NOVIAS DIA DE LA MADRE MARE","article_publisher":"https:\/\/www.facebook.com\/floristeriaArroyoLleida\/","article_modified_time":"2025-03-24T08:12:23+00:00","og_image":[{"width":1280,"height":1280,"url":"https:\/\/arroyofloristeria.com\/wp-content\/uploads\/2024\/07\/capazo-primaveral-salmon.jpg","type":"image\/jpeg"}],"twitter_card":"summary_large_image","schema":{"@context":"https:\/\/schema.org","@graph":[{"@type":"WebSite","@id":"https:\/\/arroyofloristeria.com\/es\/#website","url":"https:\/\/arroyofloristeria.com\/es\/","name":"ARROYO FLORISTERIA LLEIDA FLORES CEREMONIAS EVENTOS PLANTAS ROSAS SANT JORDI SANT VALENTIN NACIMIENTOS PELUCHES PELUIX CORONAS FUNERARIAS JARRONES CORONES FUNERARIES COMPLEMENTOS ONLINE AVINGUDA BALMES OFERTA SEMANAL FACEBOOK ROSAS ORQUIDIAS RAMOS CENTROS TENDENCIAS FLORALES BODAS RAMO DE NOVIAS DIA DE LA MADRE MARE","description":"ARROYO FLORISTERIA LLEIDA FLORES CEREMONIAS EVENTOS PLANTAS ROSAS SANT JORDI SANT VALENTIN NACIMIENTOS PELUCHES PELUIX CORONAS FUNERARIAS JARRONES CORENES FUNERARIES COMPLEMENTOS ONLINE AVINGUDA BALMES OFERTA SEMANAL FACEBOOK ROSAS ORQUIDIAS RAMOS CENTROS TENDENCIAS FLORALES BODAS RAMO DE NOVIAS DIA DE LA MADRE MARE","potentialAction":[{"@type":"SearchAction","target":{"@type":"EntryPoint","urlTemplate":"https:\/\/arroyofloristeria.com\/es\/?s={search_term_string}"},"query-input":"required name=search_term_string"}],"inLanguage":"ca"},{"@type":"ImageObject","inLanguage":"ca","@id":"https:\/\/arroyofloristeria.com\/producte\/capazo-primaveral-salmon\/#primaryimage","url":"https:\/\/arroyofloristeria.com\/wp-content\/uploads\/2024\/07\/capazo-primaveral-salmon.jpg","contentUrl":"https:\/\/arroyofloristeria.com\/wp-content\/uploads\/2024\/07\/capazo-primaveral-salmon.jpg","width":1280,"height":1280},{"@type":"WebPage","@id":"https:\/\/arroyofloristeria.com\/producte\/capazo-primaveral-salmon\/#webpage","url":"https:\/\/arroyofloristeria.com\/producte\/capazo-primaveral-salmon\/","name":"Cab\u00e0s primaveral salm\u00f3 - ARROYO FLORISTERIA LLEIDA FLORES CEREMONIAS EVENTOS PLANTAS ROSAS SANT JORDI SANT VALENTIN NACIMIENTOS PELUCHES PELUIX CORONAS FUNERARIAS JARRONES CORONES FUNERARIES COMPLEMENTOS ONLINE AVINGUDA BALMES OFERTA SEMANAL FACEBOOK ROSAS ORQUIDIAS RAMOS CENTROS TENDENCIAS FLORALES BODAS RAMO DE NOVIAS DIA DE LA MADRE MARE","isPartOf":{"@id":"https:\/\/arroyofloristeria.com\/es\/#website"},"primaryImageOfPage":{"@id":"https:\/\/arroyofloristeria.com\/producte\/capazo-primaveral-salmon\/#primaryimage"},"datePublished":"2024-07-09T06:17:09+00:00","dateModified":"2025-03-24T08:12:23+00:00","breadcrumb":{"@id":"https:\/\/arroyofloristeria.com\/producte\/capazo-primaveral-salmon\/#breadcrumb"},"inLanguage":"ca","potentialAction":[{"@type":"ReadAction","target":["https:\/\/arroyofloristeria.com\/producte\/capazo-primaveral-salmon\/"]}]},{"@type":"BreadcrumbList","@id":"https:\/\/arroyofloristeria.com\/producte\/capazo-primaveral-salmon\/#breadcrumb","itemListElement":[{"@type":"ListItem","position":1,"name":"Portada","item":"https:\/\/arroyofloristeria.com\/"},{"@type":"ListItem","position":2,"name":"Productos","item":"https:\/\/arroyofloristeria.com\/es\/productes\/"},{"@type":"ListItem","position":3,"name":"[:ca]Cab\u00e0s primaveral salm\u00f3[:es]Capazo primaveral salm\u00f3n[:]"}]}]}},"_links":{"self":[{"href":"https:\/\/arroyofloristeria.com\/ca\/wp-json\/wp\/v2\/product\/5176"}],"collection":[{"href":"https:\/\/arroyofloristeria.com\/ca\/wp-json\/wp\/v2\/product"}],"about":[{"href":"https:\/\/arroyofloristeria.com\/ca\/wp-json\/wp\/v2\/types\/product"}],"wp:featuredmedia":[{"embeddable":true,"href":"https:\/\/arroyofloristeria.com\/ca\/wp-json\/wp\/v2\/media\/5170"}],"wp:attachment":[{"href":"https:\/\/arroyofloristeria.com\/ca\/wp-json\/wp\/v2\/media?parent=5176"}],"wp:term":[{"taxonomy":"product_cat","embeddable":true,"href":"https:\/\/arroyofloristeria.com\/ca\/wp-json\/wp\/v2\/product_cat?post=5176"},{"taxonomy":"product_tag","embeddable":true,"href":"https:\/\/arroyofloristeria.com\/ca\/wp-json\/wp\/v2\/product_tag?post=5176"}],"curies":[{"name":"wp","href":"https:\/\/api.w.org\/{rel}","templated":true}]}}