{"id":64,"date":"2017-09-27T14:36:37","date_gmt":"2017-09-27T14:36:37","guid":{"rendered":"http:\/\/arroyofloristeria.com\/?page_id=64"},"modified":"2021-07-14T12:27:56","modified_gmt":"2021-07-14T10:27:56","slug":"contacta","status":"publish","type":"page","link":"https:\/\/arroyofloristeria.com\/ca\/contacta\/","title":{"rendered":"Contacta"},"content":{"rendered":"<p><\/p>\n<div class=\"contacte\">\n<h4>En qu\u00e8 podem ajudar-te?<\/h4>\n<div role=\"form\" class=\"wpcf7\" id=\"wpcf7-f228-o1\" lang=\"ca\" dir=\"ltr\">\n<div class=\"screen-reader-response\"><p role=\"status\" aria-live=\"polite\" aria-atomic=\"true\"><\/p> <ul><\/ul><\/div>\n<form action=\"\/ca\/wp-json\/wp\/v2\/pages\/64#wpcf7-f228-o1\" method=\"post\" class=\"wpcf7-form init\" novalidate=\"novalidate\" data-status=\"init\">\n<div style=\"display: none;\">\n<input type=\"hidden\" name=\"_wpcf7\" value=\"228\" \/>\n<input type=\"hidden\" name=\"_wpcf7_version\" value=\"5.5.6.1\" \/>\n<input type=\"hidden\" name=\"_wpcf7_locale\" value=\"ca\" \/>\n<input type=\"hidden\" name=\"_wpcf7_unit_tag\" value=\"wpcf7-f228-o1\" \/>\n<input type=\"hidden\" name=\"_wpcf7_container_post\" value=\"0\" \/>\n<input type=\"hidden\" name=\"_wpcf7_posted_data_hash\" value=\"\" \/>\n<input type=\"hidden\" name=\"_wpcf7_recaptcha_response\" value=\"\" \/>\n<\/div>\n<p><label>El teu nom (obligatori)<br \/>\n    <span class=\"wpcf7-form-control-wrap your-name\"><input type=\"text\" name=\"your-name\" value=\"\" size=\"40\" class=\"wpcf7-form-control wpcf7-text wpcf7-validates-as-required\" aria-required=\"true\" aria-invalid=\"false\" \/><\/span> <\/label><\/p>\n<p><label>El teu email (obligatori)<br \/>\n    <span class=\"wpcf7-form-control-wrap your-email\"><input type=\"email\" name=\"your-email\" value=\"\" size=\"40\" class=\"wpcf7-form-control wpcf7-text wpcf7-email wpcf7-validates-as-required wpcf7-validates-as-email\" aria-required=\"true\" aria-invalid=\"false\" \/><\/span> <\/label><\/p>\n<p><label>El teu tel\u00e8fon (obligatori)<br \/>\n<span class=\"wpcf7-form-control-wrap tel-934\"><input type=\"tel\" name=\"tel-934\" value=\"\" size=\"40\" class=\"wpcf7-form-control wpcf7-text wpcf7-tel wpcf7-validates-as-required wpcf7-validates-as-tel\" aria-required=\"true\" aria-invalid=\"false\" \/><\/span><\/label><\/p>\n<p><label>Assumpte<br \/>\n    <span class=\"wpcf7-form-control-wrap your-subject\"><input type=\"text\" name=\"your-subject\" value=\"\" size=\"40\" class=\"wpcf7-form-control wpcf7-text\" aria-invalid=\"false\" \/><\/span> <\/label><\/p>\n<p><label>El teu missatge<br \/>\n    <span class=\"wpcf7-form-control-wrap your-message\"><textarea name=\"your-message\" cols=\"40\" rows=\"10\" class=\"wpcf7-form-control wpcf7-textarea\" aria-invalid=\"false\"><\/textarea><\/span> <\/label><\/p>\n<p><br clear=\"all\" \/><\/p>\n<p><strong>Responsable:<\/strong> PALOMA ARROYO BELLOSTAS<br \/>\n<strong>Finalitat:<\/strong> Donar resposta a les seves consultes.<br \/>\n<strong>Legitimaci\u00f3:<\/strong> Per consentiment de l'interessat.<br \/>\n<strong>Termini de conservaci\u00f3:<\/strong> el legalment establert.<br \/>\n<strong>Destinataris:<\/strong> No se cediran dades a tercers, excepte obligaci\u00f3 legal.<br \/>\n<strong>Drets:<\/strong> Vost\u00e8 te dret d'acc\u00e9s, rectificaci\u00f3 o supressi\u00f3, oposici\u00f3, limitaci\u00f3 a el tractament, portabilitat de les dades, aix\u00ed com a retirar el consentiment en qualsevol moment.<\/p>\n<p><span class=\"wpcf7-form-control-wrap rgpd-acepto\"><span class=\"wpcf7-form-control wpcf7-acceptance\"><span class=\"wpcf7-list-item\"><label><input type=\"checkbox\" name=\"rgpd-acepto\" value=\"1\" aria-invalid=\"false\" \/><span class=\"wpcf7-list-item-label\">HE LLEGIT I ACCEPTO <a href=\"\/politica-de-privacitat\/\">LA POL\u00cdTICA DE PRIVACITAT<\/a>, i accepto el tractament de les meves dades personals per a l'enviament d'informaci\u00f3 que respongui a la consulta que he plantejat.<\/span><\/label><\/span><\/span><\/span><\/p>\n<p><input type=\"submit\" value=\"Enviar\" class=\"wpcf7-form-control has-spinner wpcf7-submit\" \/><\/p>\n<div class=\"wpcf7-response-output\" aria-hidden=\"true\"><\/div><\/form><\/div>\n<\/div>\n<p><\/p>","protected":false},"excerpt":{"rendered":"<p>En qu\u00e8 podem ajudar-te?<\/p>\n","protected":false},"author":44,"featured_media":0,"parent":0,"menu_order":0,"comment_status":"closed","ping_status":"closed","template":"","meta":{"spay_email":"","_joinchat":[]},"yoast_head":"<!-- This site is optimized with the Yoast SEO plugin v19.0 - https:\/\/yoast.com\/wordpress\/plugins\/seo\/ -->\n<title>Contacta - ARROYO FLORISTERIA LLEIDA FLORES CEREMONIAS EVENTOS PLANTAS ROSAS SANT JORDI SANT VALENTIN NACIMIENTOS PELUCHES PELUIX CORONAS FUNERARIAS JARRONES CORONES FUNERARIES COMPLEMENTOS ONLINE AVINGUDA BALMES OFERTA SEMANAL FACEBOOK ROSAS ORQUIDIAS RAMOS CENTROS TENDENCIAS FLORALES BODAS RAMO DE NOVIAS DIA DE LA MADRE MARE<\/title>\n<meta name=\"robots\" content=\"index, follow, max-snippet:-1, max-image-preview:large, max-video-preview:-1\" \/>\n<link rel=\"canonical\" href=\"https:\/\/arroyofloristeria.com\/es\/contacta\/\" \/>\n<meta property=\"og:locale\" content=\"ca_ES\" \/>\n<meta property=\"og:type\" content=\"article\" \/>\n<meta property=\"og:title\" content=\"Contacta - ARROYO FLORISTERIA LLEIDA FLORES CEREMONIAS EVENTOS PLANTAS ROSAS SANT JORDI SANT VALENTIN NACIMIENTOS PELUCHES PELUIX CORONAS FUNERARIAS JARRONES CORONES FUNERARIES COMPLEMENTOS ONLINE AVINGUDA BALMES OFERTA SEMANAL FACEBOOK ROSAS ORQUIDIAS RAMOS CENTROS TENDENCIAS FLORALES BODAS RAMO DE NOVIAS DIA DE LA MADRE MARE\" \/>\n<meta property=\"og:description\" content=\"En qu\u00e8 podem ajudar-te?\" \/>\n<meta property=\"og:url\" content=\"https:\/\/arroyofloristeria.com\/es\/contacta\/\" \/>\n<meta property=\"og:site_name\" content=\"ARROYO FLORISTERIA LLEIDA FLORES CEREMONIAS EVENTOS PLANTAS ROSAS SANT JORDI SANT VALENTIN NACIMIENTOS PELUCHES PELUIX CORONAS FUNERARIAS JARRONES CORONES FUNERARIES COMPLEMENTOS ONLINE AVINGUDA BALMES OFERTA SEMANAL FACEBOOK ROSAS ORQUIDIAS RAMOS CENTROS TENDENCIAS FLORALES BODAS RAMO DE NOVIAS DIA DE LA MADRE MARE\" \/>\n<meta property=\"article:publisher\" content=\"https:\/\/www.facebook.com\/floristeriaArroyoLleida\/\" \/>\n<meta property=\"article:modified_time\" content=\"2021-07-14T10:27:56+00:00\" \/>\n<meta name=\"twitter:card\" content=\"summary_large_image\" \/>\n<script type=\"application\/ld+json\" class=\"yoast-schema-graph\">{\"@context\":\"https:\/\/schema.org\",\"@graph\":[{\"@type\":\"WebSite\",\"@id\":\"https:\/\/arroyofloristeria.com\/es\/#website\",\"url\":\"https:\/\/arroyofloristeria.com\/es\/\",\"name\":\"ARROYO FLORISTERIA LLEIDA FLORES CEREMONIAS EVENTOS PLANTAS ROSAS SANT JORDI SANT VALENTIN NACIMIENTOS PELUCHES PELUIX CORONAS FUNERARIAS JARRONES CORONES FUNERARIES COMPLEMENTOS ONLINE AVINGUDA BALMES OFERTA SEMANAL FACEBOOK ROSAS ORQUIDIAS RAMOS CENTROS TENDENCIAS FLORALES BODAS RAMO DE NOVIAS DIA DE LA MADRE MARE\",\"description\":\"ARROYO FLORISTERIA LLEIDA FLORES CEREMONIAS EVENTOS PLANTAS ROSAS SANT JORDI SANT VALENTIN NACIMIENTOS PELUCHES PELUIX CORONAS FUNERARIAS JARRONES CORENES FUNERARIES COMPLEMENTOS ONLINE AVINGUDA BALMES OFERTA SEMANAL FACEBOOK ROSAS ORQUIDIAS RAMOS CENTROS TENDENCIAS FLORALES BODAS RAMO DE NOVIAS DIA DE LA MADRE MARE\",\"potentialAction\":[{\"@type\":\"SearchAction\",\"target\":{\"@type\":\"EntryPoint\",\"urlTemplate\":\"https:\/\/arroyofloristeria.com\/es\/?s={search_term_string}\"},\"query-input\":\"required name=search_term_string\"}],\"inLanguage\":\"ca\"},{\"@type\":\"WebPage\",\"@id\":\"https:\/\/arroyofloristeria.com\/es\/contacta\/#webpage\",\"url\":\"https:\/\/arroyofloristeria.com\/es\/contacta\/\",\"name\":\"Contacta - ARROYO FLORISTERIA LLEIDA FLORES CEREMONIAS EVENTOS PLANTAS ROSAS SANT JORDI SANT VALENTIN NACIMIENTOS PELUCHES PELUIX CORONAS FUNERARIAS JARRONES CORONES FUNERARIES COMPLEMENTOS ONLINE AVINGUDA BALMES OFERTA SEMANAL FACEBOOK ROSAS ORQUIDIAS RAMOS CENTROS TENDENCIAS FLORALES BODAS RAMO DE NOVIAS DIA DE LA MADRE MARE\",\"isPartOf\":{\"@id\":\"https:\/\/arroyofloristeria.com\/es\/#website\"},\"datePublished\":\"2017-09-27T14:36:37+00:00\",\"dateModified\":\"2021-07-14T10:27:56+00:00\",\"breadcrumb\":{\"@id\":\"https:\/\/arroyofloristeria.com\/es\/contacta\/#breadcrumb\"},\"inLanguage\":\"ca\",\"potentialAction\":[{\"@type\":\"ReadAction\",\"target\":[\"https:\/\/arroyofloristeria.com\/es\/contacta\/\"]}]},{\"@type\":\"BreadcrumbList\",\"@id\":\"https:\/\/arroyofloristeria.com\/es\/contacta\/#breadcrumb\",\"itemListElement\":[{\"@type\":\"ListItem\",\"position\":1,\"name\":\"Portada\",\"item\":\"https:\/\/arroyofloristeria.com\/\"},{\"@type\":\"ListItem\",\"position\":2,\"name\":\"Contacta\"}]}]}<\/script>\n<!-- \/ Yoast SEO plugin. -->","yoast_head_json":{"title":"Contacta - ARROYO FLORISTERIA LLEIDA FLORES CEREMONIAS EVENTOS PLANTAS ROSAS SANT JORDI SANT VALENTIN NACIMIENTOS PELUCHES PELUIX CORONAS FUNERARIAS JARRONES CORONES FUNERARIES COMPLEMENTOS ONLINE AVINGUDA BALMES OFERTA SEMANAL FACEBOOK ROSAS ORQUIDIAS RAMOS CENTROS TENDENCIAS FLORALES BODAS RAMO DE NOVIAS DIA DE LA MADRE MARE","robots":{"index":"index","follow":"follow","max-snippet":"max-snippet:-1","max-image-preview":"max-image-preview:large","max-video-preview":"max-video-preview:-1"},"canonical":"https:\/\/arroyofloristeria.com\/es\/contacta\/","og_locale":"ca_ES","og_type":"article","og_title":"Contacta - ARROYO FLORISTERIA LLEIDA FLORES CEREMONIAS EVENTOS PLANTAS ROSAS SANT JORDI SANT VALENTIN NACIMIENTOS PELUCHES PELUIX CORONAS FUNERARIAS JARRONES CORONES FUNERARIES COMPLEMENTOS ONLINE AVINGUDA BALMES OFERTA SEMANAL FACEBOOK ROSAS ORQUIDIAS RAMOS CENTROS TENDENCIAS FLORALES BODAS RAMO DE NOVIAS DIA DE LA MADRE MARE","og_description":"En qu\u00e8 podem ajudar-te?","og_url":"https:\/\/arroyofloristeria.com\/es\/contacta\/","og_site_name":"ARROYO FLORISTERIA LLEIDA FLORES CEREMONIAS EVENTOS PLANTAS ROSAS SANT JORDI SANT VALENTIN NACIMIENTOS PELUCHES PELUIX CORONAS FUNERARIAS JARRONES CORONES FUNERARIES COMPLEMENTOS ONLINE AVINGUDA BALMES OFERTA SEMANAL FACEBOOK ROSAS ORQUIDIAS RAMOS CENTROS TENDENCIAS FLORALES BODAS RAMO DE NOVIAS DIA DE LA MADRE MARE","article_publisher":"https:\/\/www.facebook.com\/floristeriaArroyoLleida\/","article_modified_time":"2021-07-14T10:27:56+00:00","twitter_card":"summary_large_image","schema":{"@context":"https:\/\/schema.org","@graph":[{"@type":"WebSite","@id":"https:\/\/arroyofloristeria.com\/es\/#website","url":"https:\/\/arroyofloristeria.com\/es\/","name":"ARROYO FLORISTERIA LLEIDA FLORES CEREMONIAS EVENTOS PLANTAS ROSAS SANT JORDI SANT VALENTIN NACIMIENTOS PELUCHES PELUIX CORONAS FUNERARIAS JARRONES CORONES FUNERARIES COMPLEMENTOS ONLINE AVINGUDA BALMES OFERTA SEMANAL FACEBOOK ROSAS ORQUIDIAS RAMOS CENTROS TENDENCIAS FLORALES BODAS RAMO DE NOVIAS DIA DE LA MADRE MARE","description":"ARROYO FLORISTERIA LLEIDA FLORES CEREMONIAS EVENTOS PLANTAS ROSAS SANT JORDI SANT VALENTIN NACIMIENTOS PELUCHES PELUIX CORONAS FUNERARIAS JARRONES CORENES FUNERARIES COMPLEMENTOS ONLINE AVINGUDA BALMES OFERTA SEMANAL FACEBOOK ROSAS ORQUIDIAS RAMOS CENTROS TENDENCIAS FLORALES BODAS RAMO DE NOVIAS DIA DE LA MADRE MARE","potentialAction":[{"@type":"SearchAction","target":{"@type":"EntryPoint","urlTemplate":"https:\/\/arroyofloristeria.com\/es\/?s={search_term_string}"},"query-input":"required name=search_term_string"}],"inLanguage":"ca"},{"@type":"WebPage","@id":"https:\/\/arroyofloristeria.com\/es\/contacta\/#webpage","url":"https:\/\/arroyofloristeria.com\/es\/contacta\/","name":"Contacta - ARROYO FLORISTERIA LLEIDA FLORES CEREMONIAS EVENTOS PLANTAS ROSAS SANT JORDI SANT VALENTIN NACIMIENTOS PELUCHES PELUIX CORONAS FUNERARIAS JARRONES CORONES FUNERARIES COMPLEMENTOS ONLINE AVINGUDA BALMES OFERTA SEMANAL FACEBOOK ROSAS ORQUIDIAS RAMOS CENTROS TENDENCIAS FLORALES BODAS RAMO DE NOVIAS DIA DE LA MADRE MARE","isPartOf":{"@id":"https:\/\/arroyofloristeria.com\/es\/#website"},"datePublished":"2017-09-27T14:36:37+00:00","dateModified":"2021-07-14T10:27:56+00:00","breadcrumb":{"@id":"https:\/\/arroyofloristeria.com\/es\/contacta\/#breadcrumb"},"inLanguage":"ca","potentialAction":[{"@type":"ReadAction","target":["https:\/\/arroyofloristeria.com\/es\/contacta\/"]}]},{"@type":"BreadcrumbList","@id":"https:\/\/arroyofloristeria.com\/es\/contacta\/#breadcrumb","itemListElement":[{"@type":"ListItem","position":1,"name":"Portada","item":"https:\/\/arroyofloristeria.com\/"},{"@type":"ListItem","position":2,"name":"Contacta"}]}]}},"_links":{"self":[{"href":"https:\/\/arroyofloristeria.com\/ca\/wp-json\/wp\/v2\/pages\/64"}],"collection":[{"href":"https:\/\/arroyofloristeria.com\/ca\/wp-json\/wp\/v2\/pages"}],"about":[{"href":"https:\/\/arroyofloristeria.com\/ca\/wp-json\/wp\/v2\/types\/page"}],"author":[{"embeddable":true,"href":"https:\/\/arroyofloristeria.com\/ca\/wp-json\/wp\/v2\/users\/44"}],"replies":[{"embeddable":true,"href":"https:\/\/arroyofloristeria.com\/ca\/wp-json\/wp\/v2\/comments?post=64"}],"version-history":[{"count":11,"href":"https:\/\/arroyofloristeria.com\/ca\/wp-json\/wp\/v2\/pages\/64\/revisions"}],"predecessor-version":[{"id":4214,"href":"https:\/\/arroyofloristeria.com\/ca\/wp-json\/wp\/v2\/pages\/64\/revisions\/4214"}],"wp:attachment":[{"href":"https:\/\/arroyofloristeria.com\/ca\/wp-json\/wp\/v2\/media?parent=64"}],"curies":[{"name":"wp","href":"https:\/\/api.w.org\/{rel}","templated":true}]}}