{"id":3197,"date":"2020-02-07T12:27:43","date_gmt":"2020-02-07T12:27:43","guid":{"rendered":"http:\/\/arroyofloristeria.com\/?page_id=3197"},"modified":"2023-04-03T08:58:23","modified_gmt":"2023-04-03T06:58:23","slug":"politica-de-cookies","status":"publish","type":"page","link":"https:\/\/arroyofloristeria.com\/ca\/politica-de-cookies\/","title":{"rendered":"Pol\u00edtica de cookies"},"content":{"rendered":"<p>PALOMA ARROYO BELLOSTAS (FLORISTERIA ARROYO), a trav\u00e9s del present document, recull la seva Pol\u00edtica de recollida i tractament de cookies, en compliment del que es disposa en l&#8217;article 22.2 de la Llei 34\/2002, d&#8217;11 de juliol, de Serveis de la Societat de la Informaci\u00f3 i de Comer\u00e7 Electr\u00f2nic (LSSICE).<\/p>\n<p>&nbsp;<\/p>\n<p>Les cookies s&#8217;emmagatzemen en l&#8217;equip terminal de l&#8217;usuari (ordinador o dispositiu m\u00f2bil) i recopilen informaci\u00f3 en visitar la p\u00e0gina web www.arroyofloristeria.com, amb la finalitat de millorar la usabilitat de les mateixes, con\u00e8ixer els h\u00e0bits o necessitats de navegaci\u00f3 dels usuaris per poder adaptar-se als mateixos, aix\u00ed com obtenir informaci\u00f3 amb finalitats estad\u00edstiques. En el cas d&#8217;aquells usuaris que ja siguin clients de l&#8217;entitat, la informaci\u00f3 recaptada amb les cookies servir\u00e0 tamb\u00e9 per a la seva identificaci\u00f3 en accedir a les diferents eines que l&#8217;entitat posa a la seva disposici\u00f3 per a la gesti\u00f3 dels serveis.<\/p>\n<p>&nbsp;<\/p>\n<p>La present Pol\u00edtica de Cookies ser\u00e0 aplicable a aquells usuaris que volunt\u00e0riament visiten les p\u00e0gines web de l&#8217;entitat, emplenin formularis de recollida de dades, accedeixen a les eines que l&#8217;entitat posa a la disposici\u00f3 dels seus clients per gestionar els seus serveis, o utilitzen qualsevol altre servei present en el lloc web que impliqui la comunicaci\u00f3 de dades a l&#8217;entitat, o l&#8217;acc\u00e9s a dades per l&#8217;entitat, per a la prestaci\u00f3 dels seus serveis.<\/p>\n<p>&nbsp;<\/p>\n<p>PALOMA ARROYO BELLOSTAS (FLORISTERIA ARROYO) informa als usuaris de les seves p\u00e0gines web, de l&#8217;exist\u00e8ncia de cookies i posa a la seva disposici\u00f3 la present Pol\u00edtica amb la finalitat d&#8217;informar-los sobre l&#8217;\u00fas i de l&#8217;objecte de les mateixes. El fet de continuar la navegaci\u00f3 a trav\u00e9s de les seves p\u00e0gines, suposa el coneixement i l&#8217;acceptaci\u00f3 de la present Pol\u00edtica per part dels usuaris.<\/p>\n<p>&nbsp;<\/p>\n<p>PALOMA ARROYO BELLOSTAS (FLORISTERIA ARROYO) utilitza els seg\u00fcents tipus de cookies:<\/p>\n<p>&nbsp;<\/p>\n<p>Classificades per la seva finalitat:<\/p>\n<p>* Cookies t\u00e8cniques i\/o de personalitzaci\u00f3: faciliten la navegaci\u00f3, en identificar la sessi\u00f3, permetre l&#8217;acc\u00e9s a eines d&#8217;acc\u00e9s restringit, a m\u00e9s de configurar a mesura les opcions disponibles. Possibiliten la prestaci\u00f3 del servei sol\u00b7licitat pr\u00e8viament per l&#8217;usuari.<\/p>\n<p>&nbsp;<\/p>\n<table width=\"100%\">\n<thead>\n<tr>\n<td width=\"142\"><strong>Nom<\/strong><\/td>\n<td width=\"416\"><strong>Descripci\u00f3<\/strong><\/td>\n<td colspan=\"2\" width=\"75\"><strong>Duraci\u00f3<\/strong><\/td>\n<\/tr>\n<\/thead>\n<tbody>\n<tr>\n<td width=\"142\">wp-settings-<\/td>\n<td width=\"416\">WordPress tamb\u00e9 estableix algunes galetes de wp-settings-[UID]. El n\u00famero al final \u00e9s el vostre ID d\u2019usuari individual de la taula de la base de dades d\u2019usuaris. Aix\u00f2 es fa servir per personalitzar la vostra vista de la interf\u00edcie d\u2019administraci\u00f3 i possiblement tamb\u00e9 la interf\u00edcie del lloc principal.<\/td>\n<td colspan=\"2\" width=\"75\">1 any<\/td>\n<\/tr>\n<tr>\n<td width=\"142\">PHPSESSID<\/td>\n<td width=\"416\">Per identificar la vostra sessi\u00f3 \u00fanica al lloc web<\/td>\n<td colspan=\"2\" width=\"75\">sessi\u00f3<\/td>\n<\/tr>\n<tr>\n<td width=\"142\">SESS<\/td>\n<td width=\"416\">Per assegurar-vos que el reconegueu quan es mogui d\u2019una p\u00e0gina a una altra dins del lloc i que es recordi qualsevol informaci\u00f3 que heu introdu\u00eft.<\/td>\n<td colspan=\"2\" width=\"75\">sessi\u00f3<\/td>\n<\/tr>\n<tr>\n<td width=\"142\">wordpress_<\/td>\n<td colspan=\"2\" width=\"417\">Cookie de WordPress per a un usuari que ha iniciat sessi\u00f3.<\/td>\n<td width=\"75\">sessi\u00f3<\/td>\n<\/tr>\n<tr>\n<td width=\"142\">wordpress_logged_in_<\/td>\n<td colspan=\"2\" width=\"417\">Cookie de WordPress per a un usuari registrat<\/td>\n<td width=\"75\">sessi\u00f3<\/td>\n<\/tr>\n<tr>\n<td width=\"142\">wp-settings-time-<\/td>\n<td colspan=\"2\" width=\"417\">WordPress tamb\u00e9 estableix algunes galetes de wp-settings-{time} \u2013 [UID]. El n\u00famero al final \u00e9s el vostre ID d\u2019usuari individual de la taula de la base de dades d\u2019usuaris. Aix\u00f2 es fa servir per personalitzar la vostra vista de la interf\u00edcie d\u2019administraci\u00f3 i possiblement tamb\u00e9 la interf\u00edcie del lloc principal.<\/td>\n<td width=\"75\">1 any<\/td>\n<\/tr>\n<tr>\n<td width=\"142\">WPML<\/td>\n<td colspan=\"2\" width=\"417\">Identifica l\u2019idioma de l\u2019usuari<\/td>\n<td width=\"75\">sessi\u00f3<\/td>\n<\/tr>\n<tr>\n<td width=\"149\"><\/td>\n<td width=\"409\"><\/td>\n<td width=\"1\"><\/td>\n<td width=\"75\"><\/td>\n<\/tr>\n<\/tbody>\n<\/table>\n<p>&nbsp;<\/p>\n<p>* Cookies d&#8217;an\u00e0lisi i\/o publicitat: permeten con\u00e8ixer el nombre de visites rebudes en les diferents seccions de les p\u00e0gines web, els h\u00e0bits i tend\u00e8ncies dels seus usuaris i en conseq\u00fc\u00e8ncia, poder millorar la navegaci\u00f3 i el servei ofert per\u00a0 l&#8217;entitat (fonamentalment, Google Analytics), aix\u00ed com gestionar els espais publicitaris inclosos a la p\u00e0gina web visitada per l&#8217;usuari. Recopila dades de forma an\u00f2nima amb la finalitat d&#8217;obtenir perfils de navegaci\u00f3 dels usuaris.<\/p>\n<p>&nbsp;<\/p>\n<table>\n<tbody>\n<tr>\n<td><strong>Nom<\/strong><\/td>\n<td><strong>Durada<\/strong><\/td>\n<td><strong>Descripci\u00f3<\/strong><\/td>\n<\/tr>\n<tr>\n<td>_ga<\/td>\n<td>2 anys<\/td>\n<td>Es fa servir per distingir els usuaris.<\/td>\n<\/tr>\n<tr>\n<td>_gid<\/td>\n<td>24 hores<\/td>\n<td>Es fa servir per distingir els usuaris.<\/td>\n<\/tr>\n<tr>\n<td>_gat<\/td>\n<td>1 minut<\/td>\n<td>Es fa servir per limitar el percentatge de sol\u00b7licituds. Si s\u2019ha implementat Google Analytics mitjan\u00e7ant Google Tag Manager, aquesta galeta s\u2019anomenar\u00e0 _dc_gtm_\u00a0.<\/td>\n<\/tr>\n<tr>\n<td>_gac_<\/td>\n<td>90 dies<\/td>\n<td>Inclou informaci\u00f3 sobre la campanya relativa a l\u2019usuari. Si heu enlla\u00e7at els vostres comptes de Google Analytics i Google Ads, les etiquetes de conversi\u00f3 al lloc web de Google Ads llegiran aquesta galeta, llevat que la inhabiliteu.<br \/>\n<a href=\"https:\/\/support.google.com\/google-ads\/answer\/7521212?hl=es\">M\u00e9s informaci\u00f3<\/a><\/td>\n<\/tr>\n<tr>\n<td>__utma<\/td>\n<td>2 anys a partir de la configuraci\u00f3 o actualitzaci\u00f3<\/td>\n<td>Es fa servir per distingir usuaris i sessions. La galeta es crea quan s\u2019executa la biblioteca de JavaScript i no hi ha cap galeta __utma. La galeta s\u2019actualitza cada cop que s\u2019envien dades a Google Analytics.<\/td>\n<\/tr>\n<tr>\n<td>__utmt<\/td>\n<td>10 minuts<\/td>\n<td>Es fa servir per limitar el percentatge de sol\u00b7licituds.<\/td>\n<\/tr>\n<tr>\n<td>__utmb<\/td>\n<td>30 minuts a partir de la configuraci\u00f3 o actualitzaci\u00f3<\/td>\n<td>Es fa servir per determinar noves sessions o visites. La galeta es crea quan s\u2019executa la biblioteca de JavaScript i no hi ha cap galeta __utmb. La galeta s\u2019actualitza cada cop que s\u2019envien dades a Google Analytics.<\/td>\n<\/tr>\n<tr>\n<td>__utmc<\/td>\n<td>Final de la sessi\u00f3 del navegador<\/td>\n<td>No es fa servir a ga.js. Es configura per interactuar amb urchin.js. Anteriorment, aquesta galeta actuava juntament amb la galeta __utmb per determinar si l\u2019usuari estava en una nova sessi\u00f3 o visita.<\/td>\n<\/tr>\n<tr>\n<td>__utmz<\/td>\n<td>6 mesos a partir de la configuraci\u00f3 o actualitzaci\u00f3<\/td>\n<td>Emmagatzema la font de tr\u00e0nsit o la campanya que explica com l\u2019usuari ha arribat al lloc web. La galeta es crea quan s\u2019executa la biblioteca de JavaScript i s\u2019actualitza cada cop que s\u2019envien dades a Google Analytics.<\/td>\n<\/tr>\n<tr>\n<td>__utmv<\/td>\n<td>2 anys a partir de la configuraci\u00f3 o actualitzaci\u00f3<\/td>\n<td>Es fa servir per emmagatzemar dades de variables personalitzades a nivell de visitant. Aquesta galeta es crea quan un programador utilitza el m\u00e8tode\u00a0<a href=\"https:\/\/developers.google.com\/analytics\/devguides\/collection\/gajs\/methods\/gaJSApiBasicConfiguration?hl=es#_gat.GA_Tracker_._setCustomVar\">_setCustomVar<\/a>\u00a0amb una variable personalitzada a nivell de visitant. Tamb\u00e9 es feia servir per al m\u00e8tode _setVar, que ja no est\u00e0 disponible. La galeta s\u2019actualitza cada cop que s\u2019envien dades a Google Analytics.<\/td>\n<\/tr>\n<\/tbody>\n<\/table>\n<p>&nbsp;<\/p>\n<p>&nbsp;<\/p>\n<p>El temps de conservaci\u00f3 de les cookies dependr\u00e0 del tipus que es tracti i sempre ser\u00e0 el m\u00ednim indispensable per complir la seva finalitat.<\/p>\n<p>&nbsp;<\/p>\n<p>En qualsevol cas, els usuaris poden configurar el seu navegador, de manera que es deshabiliti o bloquegi la recepci\u00f3 de totes o algunes de les cookies. El fet de no desitjar rebre aquestes cookies, no constitueix un impediment per poder accedir a la informaci\u00f3 dels llocs web de l&#8217;entitat encara que l&#8217;\u00fas d&#8217;alguns serveis podr\u00e0 ser limitat. Si una vegada atorgat el consentiment per a la recepci\u00f3 de cookies, es desitg\u00e9s retirar aquest, s&#8217;hauran d&#8217;eliminar aquelles emmagatzemades en l&#8217;equip de l&#8217;usuari, a trav\u00e9s de les opcions dels diferents navegadors.<\/p>\n<p>&nbsp;<\/p>\n<p>La forma de configurar els diferents navegadors per exercitar les accions assenyalades en els par\u00e0grafs anteriors, es pot consultar en:<\/p>\n<p>*\u00a0\u00a0\u00a0 Explorer: http:\/\/windows.microsoft.com\/es-es\/windows7\/how-to-manage-cookies-in-internet-explorer-9<\/p>\n<p>*\u00a0\u00a0\u00a0 Chrome: https:\/\/support.google.com\/chrome\/answer\/95647?hl=es<\/p>\n<p>*\u00a0\u00a0\u00a0 Firefox: http:\/\/support.mozilla.org\/es\/kb\/cookies-informacion-que-los-sitios-web-guardan-en-?redirectlocale=en-us&amp;redirectslug=cookies<\/p>\n<p>&nbsp;<\/p>\n<div class=\"cli_user_consent_state\">Tu estado actual: No se ha dado el consentimiento. <a class=\"cli_manage_current_consent\" style=\"cursor:pointer;text-decoration:underline;\">Gestiona tu consentimiento.<\/a> <\/div><\/p>","protected":false},"excerpt":{"rendered":"<p>PALOMA ARROYO BELLOSTAS (FLORISTERIA ARROYO), a trav\u00e9s del present document, recull la seva Pol\u00edtica de recollida i tractament de cookies, en compliment del que es disposa en l&#8217;article 22.2 de la Llei 34\/2002, d&#8217;11 de juliol, de Serveis de la Societat de la Informaci\u00f3 i de Comer\u00e7 Electr\u00f2nic (LSSICE). &nbsp; Les cookies s&#8217;emmagatzemen en l&#8217;equip [&hellip;]<\/p>\n","protected":false},"author":44,"featured_media":0,"parent":0,"menu_order":0,"comment_status":"closed","ping_status":"closed","template":"","meta":{"spay_email":"","_joinchat":[]},"yoast_head":"<!-- This site is optimized with the Yoast SEO plugin v19.0 - https:\/\/yoast.com\/wordpress\/plugins\/seo\/ -->\n<title>Pol\u00edtica de cookies - ARROYO FLORISTERIA LLEIDA FLORES CEREMONIAS EVENTOS PLANTAS ROSAS SANT JORDI SANT VALENTIN NACIMIENTOS PELUCHES PELUIX CORONAS FUNERARIAS JARRONES CORONES FUNERARIES COMPLEMENTOS ONLINE AVINGUDA BALMES OFERTA SEMANAL FACEBOOK ROSAS ORQUIDIAS RAMOS CENTROS TENDENCIAS FLORALES BODAS RAMO DE NOVIAS DIA DE LA MADRE MARE<\/title>\n<meta name=\"robots\" content=\"index, follow, max-snippet:-1, max-image-preview:large, max-video-preview:-1\" \/>\n<link rel=\"canonical\" href=\"https:\/\/arroyofloristeria.com\/politica-de-cookies\/\" \/>\n<meta property=\"og:locale\" content=\"ca_ES\" \/>\n<meta property=\"og:type\" content=\"article\" \/>\n<meta property=\"og:title\" content=\"Pol\u00edtica de cookies - ARROYO FLORISTERIA LLEIDA FLORES CEREMONIAS EVENTOS PLANTAS ROSAS SANT JORDI SANT VALENTIN NACIMIENTOS PELUCHES PELUIX CORONAS FUNERARIAS JARRONES CORONES FUNERARIES COMPLEMENTOS ONLINE AVINGUDA BALMES OFERTA SEMANAL FACEBOOK ROSAS ORQUIDIAS RAMOS CENTROS TENDENCIAS FLORALES BODAS RAMO DE NOVIAS DIA DE LA MADRE MARE\" \/>\n<meta property=\"og:description\" content=\"PALOMA ARROYO BELLOSTAS (FLORISTERIA ARROYO), a trav\u00e9s del present document, recull la seva Pol\u00edtica de recollida i tractament de cookies, en compliment del que es disposa en l&#8217;article 22.2 de la Llei 34\/2002, d&#8217;11 de juliol, de Serveis de la Societat de la Informaci\u00f3 i de Comer\u00e7 Electr\u00f2nic (LSSICE). &nbsp; Les cookies s&#8217;emmagatzemen en l&#8217;equip [&hellip;]\" \/>\n<meta property=\"og:url\" content=\"https:\/\/arroyofloristeria.com\/politica-de-cookies\/\" \/>\n<meta property=\"og:site_name\" content=\"ARROYO FLORISTERIA LLEIDA FLORES CEREMONIAS EVENTOS PLANTAS ROSAS SANT JORDI SANT VALENTIN NACIMIENTOS PELUCHES PELUIX CORONAS FUNERARIAS JARRONES CORONES FUNERARIES COMPLEMENTOS ONLINE AVINGUDA BALMES OFERTA SEMANAL FACEBOOK ROSAS ORQUIDIAS RAMOS CENTROS TENDENCIAS FLORALES BODAS RAMO DE NOVIAS DIA DE LA MADRE MARE\" \/>\n<meta property=\"article:publisher\" content=\"https:\/\/www.facebook.com\/floristeriaArroyoLleida\/\" \/>\n<meta property=\"article:modified_time\" content=\"2023-04-03T06:58:23+00:00\" \/>\n<meta name=\"twitter:card\" content=\"summary_large_image\" \/>\n<meta name=\"twitter:label1\" content=\"Temps estimat de lectura\" \/>\n\t<meta name=\"twitter:data1\" content=\"5 minuts\" \/>\n<script type=\"application\/ld+json\" class=\"yoast-schema-graph\">{\"@context\":\"https:\/\/schema.org\",\"@graph\":[{\"@type\":\"WebSite\",\"@id\":\"https:\/\/arroyofloristeria.com\/es\/#website\",\"url\":\"https:\/\/arroyofloristeria.com\/es\/\",\"name\":\"ARROYO FLORISTERIA LLEIDA FLORES CEREMONIAS EVENTOS PLANTAS ROSAS SANT JORDI SANT VALENTIN NACIMIENTOS PELUCHES PELUIX CORONAS FUNERARIAS JARRONES CORONES FUNERARIES COMPLEMENTOS ONLINE AVINGUDA BALMES OFERTA SEMANAL FACEBOOK ROSAS ORQUIDIAS RAMOS CENTROS TENDENCIAS FLORALES BODAS RAMO DE NOVIAS DIA DE LA MADRE MARE\",\"description\":\"ARROYO FLORISTERIA LLEIDA FLORES CEREMONIAS EVENTOS PLANTAS ROSAS SANT JORDI SANT VALENTIN NACIMIENTOS PELUCHES PELUIX CORONAS FUNERARIAS JARRONES CORENES FUNERARIES COMPLEMENTOS ONLINE AVINGUDA BALMES OFERTA SEMANAL FACEBOOK ROSAS ORQUIDIAS RAMOS CENTROS TENDENCIAS FLORALES BODAS RAMO DE NOVIAS DIA DE LA MADRE MARE\",\"potentialAction\":[{\"@type\":\"SearchAction\",\"target\":{\"@type\":\"EntryPoint\",\"urlTemplate\":\"https:\/\/arroyofloristeria.com\/es\/?s={search_term_string}\"},\"query-input\":\"required name=search_term_string\"}],\"inLanguage\":\"ca\"},{\"@type\":\"WebPage\",\"@id\":\"https:\/\/arroyofloristeria.com\/politica-de-cookies\/#webpage\",\"url\":\"https:\/\/arroyofloristeria.com\/politica-de-cookies\/\",\"name\":\"Pol\u00edtica de cookies - ARROYO FLORISTERIA LLEIDA FLORES CEREMONIAS EVENTOS PLANTAS ROSAS SANT JORDI SANT VALENTIN NACIMIENTOS PELUCHES PELUIX CORONAS FUNERARIAS JARRONES CORONES FUNERARIES COMPLEMENTOS ONLINE AVINGUDA BALMES OFERTA SEMANAL FACEBOOK ROSAS ORQUIDIAS RAMOS CENTROS TENDENCIAS FLORALES BODAS RAMO DE NOVIAS DIA DE LA MADRE MARE\",\"isPartOf\":{\"@id\":\"https:\/\/arroyofloristeria.com\/es\/#website\"},\"datePublished\":\"2020-02-07T12:27:43+00:00\",\"dateModified\":\"2023-04-03T06:58:23+00:00\",\"breadcrumb\":{\"@id\":\"https:\/\/arroyofloristeria.com\/politica-de-cookies\/#breadcrumb\"},\"inLanguage\":\"ca\",\"potentialAction\":[{\"@type\":\"ReadAction\",\"target\":[\"https:\/\/arroyofloristeria.com\/politica-de-cookies\/\"]}]},{\"@type\":\"BreadcrumbList\",\"@id\":\"https:\/\/arroyofloristeria.com\/politica-de-cookies\/#breadcrumb\",\"itemListElement\":[{\"@type\":\"ListItem\",\"position\":1,\"name\":\"Portada\",\"item\":\"https:\/\/arroyofloristeria.com\/\"},{\"@type\":\"ListItem\",\"position\":2,\"name\":\"Pol\u00edtica de cookies\"}]}]}<\/script>\n<!-- \/ Yoast SEO plugin. -->","yoast_head_json":{"title":"Pol\u00edtica de cookies - ARROYO FLORISTERIA LLEIDA FLORES CEREMONIAS EVENTOS PLANTAS ROSAS SANT JORDI SANT VALENTIN NACIMIENTOS PELUCHES PELUIX CORONAS FUNERARIAS JARRONES CORONES FUNERARIES COMPLEMENTOS ONLINE AVINGUDA BALMES OFERTA SEMANAL FACEBOOK ROSAS ORQUIDIAS RAMOS CENTROS TENDENCIAS FLORALES BODAS RAMO DE NOVIAS DIA DE LA MADRE MARE","robots":{"index":"index","follow":"follow","max-snippet":"max-snippet:-1","max-image-preview":"max-image-preview:large","max-video-preview":"max-video-preview:-1"},"canonical":"https:\/\/arroyofloristeria.com\/politica-de-cookies\/","og_locale":"ca_ES","og_type":"article","og_title":"Pol\u00edtica de cookies - ARROYO FLORISTERIA LLEIDA FLORES CEREMONIAS EVENTOS PLANTAS ROSAS SANT JORDI SANT VALENTIN NACIMIENTOS PELUCHES PELUIX CORONAS FUNERARIAS JARRONES CORONES FUNERARIES COMPLEMENTOS ONLINE AVINGUDA BALMES OFERTA SEMANAL FACEBOOK ROSAS ORQUIDIAS RAMOS CENTROS TENDENCIAS FLORALES BODAS RAMO DE NOVIAS DIA DE LA MADRE MARE","og_description":"PALOMA ARROYO BELLOSTAS (FLORISTERIA ARROYO), a trav\u00e9s del present document, recull la seva Pol\u00edtica de recollida i tractament de cookies, en compliment del que es disposa en l&#8217;article 22.2 de la Llei 34\/2002, d&#8217;11 de juliol, de Serveis de la Societat de la Informaci\u00f3 i de Comer\u00e7 Electr\u00f2nic (LSSICE). &nbsp; Les cookies s&#8217;emmagatzemen en l&#8217;equip [&hellip;]","og_url":"https:\/\/arroyofloristeria.com\/politica-de-cookies\/","og_site_name":"ARROYO FLORISTERIA LLEIDA FLORES CEREMONIAS EVENTOS PLANTAS ROSAS SANT JORDI SANT VALENTIN NACIMIENTOS PELUCHES PELUIX CORONAS FUNERARIAS JARRONES CORONES FUNERARIES COMPLEMENTOS ONLINE AVINGUDA BALMES OFERTA SEMANAL FACEBOOK ROSAS ORQUIDIAS RAMOS CENTROS TENDENCIAS FLORALES BODAS RAMO DE NOVIAS DIA DE LA MADRE MARE","article_publisher":"https:\/\/www.facebook.com\/floristeriaArroyoLleida\/","article_modified_time":"2023-04-03T06:58:23+00:00","twitter_card":"summary_large_image","twitter_misc":{"Temps estimat de lectura":"5 minuts"},"schema":{"@context":"https:\/\/schema.org","@graph":[{"@type":"WebSite","@id":"https:\/\/arroyofloristeria.com\/es\/#website","url":"https:\/\/arroyofloristeria.com\/es\/","name":"ARROYO FLORISTERIA LLEIDA FLORES CEREMONIAS EVENTOS PLANTAS ROSAS SANT JORDI SANT VALENTIN NACIMIENTOS PELUCHES PELUIX CORONAS FUNERARIAS JARRONES CORONES FUNERARIES COMPLEMENTOS ONLINE AVINGUDA BALMES OFERTA SEMANAL FACEBOOK ROSAS ORQUIDIAS RAMOS CENTROS TENDENCIAS FLORALES BODAS RAMO DE NOVIAS DIA DE LA MADRE MARE","description":"ARROYO FLORISTERIA LLEIDA FLORES CEREMONIAS EVENTOS PLANTAS ROSAS SANT JORDI SANT VALENTIN NACIMIENTOS PELUCHES PELUIX CORONAS FUNERARIAS JARRONES CORENES FUNERARIES COMPLEMENTOS ONLINE AVINGUDA BALMES OFERTA SEMANAL FACEBOOK ROSAS ORQUIDIAS RAMOS CENTROS TENDENCIAS FLORALES BODAS RAMO DE NOVIAS DIA DE LA MADRE MARE","potentialAction":[{"@type":"SearchAction","target":{"@type":"EntryPoint","urlTemplate":"https:\/\/arroyofloristeria.com\/es\/?s={search_term_string}"},"query-input":"required name=search_term_string"}],"inLanguage":"ca"},{"@type":"WebPage","@id":"https:\/\/arroyofloristeria.com\/politica-de-cookies\/#webpage","url":"https:\/\/arroyofloristeria.com\/politica-de-cookies\/","name":"Pol\u00edtica de cookies - ARROYO FLORISTERIA LLEIDA FLORES CEREMONIAS EVENTOS PLANTAS ROSAS SANT JORDI SANT VALENTIN NACIMIENTOS PELUCHES PELUIX CORONAS FUNERARIAS JARRONES CORONES FUNERARIES COMPLEMENTOS ONLINE AVINGUDA BALMES OFERTA SEMANAL FACEBOOK ROSAS ORQUIDIAS RAMOS CENTROS TENDENCIAS FLORALES BODAS RAMO DE NOVIAS DIA DE LA MADRE MARE","isPartOf":{"@id":"https:\/\/arroyofloristeria.com\/es\/#website"},"datePublished":"2020-02-07T12:27:43+00:00","dateModified":"2023-04-03T06:58:23+00:00","breadcrumb":{"@id":"https:\/\/arroyofloristeria.com\/politica-de-cookies\/#breadcrumb"},"inLanguage":"ca","potentialAction":[{"@type":"ReadAction","target":["https:\/\/arroyofloristeria.com\/politica-de-cookies\/"]}]},{"@type":"BreadcrumbList","@id":"https:\/\/arroyofloristeria.com\/politica-de-cookies\/#breadcrumb","itemListElement":[{"@type":"ListItem","position":1,"name":"Portada","item":"https:\/\/arroyofloristeria.com\/"},{"@type":"ListItem","position":2,"name":"Pol\u00edtica de cookies"}]}]}},"_links":{"self":[{"href":"https:\/\/arroyofloristeria.com\/ca\/wp-json\/wp\/v2\/pages\/3197"}],"collection":[{"href":"https:\/\/arroyofloristeria.com\/ca\/wp-json\/wp\/v2\/pages"}],"about":[{"href":"https:\/\/arroyofloristeria.com\/ca\/wp-json\/wp\/v2\/types\/page"}],"author":[{"embeddable":true,"href":"https:\/\/arroyofloristeria.com\/ca\/wp-json\/wp\/v2\/users\/44"}],"replies":[{"embeddable":true,"href":"https:\/\/arroyofloristeria.com\/ca\/wp-json\/wp\/v2\/comments?post=3197"}],"version-history":[{"count":5,"href":"https:\/\/arroyofloristeria.com\/ca\/wp-json\/wp\/v2\/pages\/3197\/revisions"}],"predecessor-version":[{"id":4651,"href":"https:\/\/arroyofloristeria.com\/ca\/wp-json\/wp\/v2\/pages\/3197\/revisions\/4651"}],"wp:attachment":[{"href":"https:\/\/arroyofloristeria.com\/ca\/wp-json\/wp\/v2\/media?parent=3197"}],"curies":[{"name":"wp","href":"https:\/\/api.w.org\/{rel}","templated":true}]}}